{"id":2934,"date":"2024-03-04T16:44:53","date_gmt":"2024-03-04T13:44:53","guid":{"rendered":"https:\/\/coop.bau.edu.tr\/?page_id=2934"},"modified":"2024-03-20T16:42:22","modified_gmt":"2024-03-20T13:42:22","slug":"2023-2024-spring-semester-branded-courses","status":"publish","type":"page","link":"https:\/\/coop.bau.edu.tr\/en\/2023-2024-spring-semester-branded-courses\/","title":{"rendered":"2023-2024 Spring Semester Branded Courses"},"content":{"rendered":"<div class=\"wpb-content-wrapper\"><p>[vc_row][vc_column][vc_empty_space height=&#8221;100px&#8221;][\/vc_column][\/vc_row][vc_row][vc_column width=&#8221;1\/4&#8243;][vc_single_image image=&#8221;2939&#8243; img_size=&#8221;&#8221;][vc_column_text css_animation=&#8221;bottom-to-top&#8221;]COP4803 Keyvan Aviation<\/p>\n<p>\u201cNavigating Future Skies\u201d[\/vc_column_text][vc_column_text css_animation=&#8221;bottom-to-top&#8221; css=&#8221;.vc_custom_1709560557826{margin-top: 0px !important;padding-top: 0px !important;}&#8221;]This course aims to provide an in-depth understanding of Aeronautical Navigation Data and Sustainable Aviation, with a focus on their significance in the modern aviation industry. It will explore the intricacies of data generation, processing, and application in aeronautical navigation, alongside a comprehensive study of sustainable practices, including the SESAR initiative, to promote environmental stewardship in aviation. The course is designed to equip students with the knowledge and skills necessary to innovate and lead in these critical areas of aviation.[\/vc_column_text][\/vc_column][vc_column width=&#8221;1\/4&#8243;][vc_single_image image=&#8221;2941&#8243; img_size=&#8221;&#8221;][vc_column_text]COP3428 KPMG<\/p>\n<p>\u201cIndependent Audit and the Role of Technology\u201d[\/vc_column_text][vc_column_text]Introduction to the conceptual and practical issues in the field of audit, audit sector and national and international regulations, audit process, big data analysis, IT audit, reporting and professional obligations, technological requirements and applications used in audits, electronic filing, electronic audit evidence, electronic archiving.[\/vc_column_text][\/vc_column][vc_column width=&#8221;1\/4&#8243;][vc_single_image image=&#8221;2578&#8243; img_size=&#8221;&#8221;][vc_column_text]COP4330 Cinema8<\/p>\n<p>\u201cInteractive Short Film Production\u201d[\/vc_column_text][vc_column_text]The aim of this course is to explain about the use of interactive video in art and business life and students to produce interactive short film. The Cinema8 Creative Studio will be explained with theoretical and practical. Also, the seminars about video content trends, revenue models, gamification, sales in the context of interactive video and interactive scenario production. Students are expected to complete the steps for their final projects throughout the semester.[\/vc_column_text][\/vc_column][vc_column width=&#8221;1\/4&#8243;][vc_single_image image=&#8221;2943&#8243; img_size=&#8221;&#8221;][vc_column_text css_animation=&#8221;bottom-to-top&#8221;]COP4210 Abdi \u0130brahim<\/p>\n<p>&#8220;Creative Marketing Approaches for Restricted Markets&#8221;[\/vc_column_text][vc_column_text css_animation=&#8221;bottom-to-top&#8221; css=&#8221;.vc_custom_1709560655709{margin-top: 0px !important;padding-top: 0px !important;}&#8221;]This lecture aims tte individual to understand the Turkish healthcare system and its applications. The learner will build a strong foundation about creativity and marketing in any environment through the window of marketing in restricted markets, especially pharmaceutical ind\u0131stry and personal sharings of professionals about their own experiences.[\/vc_column_text][\/vc_column][\/vc_row][vc_row][vc_column][vc_column_text]<\/p>\n<p>[\/vc_column_text][\/vc_column][\/vc_row][vc_row][vc_column width=&#8221;1\/4&#8243;][vc_single_image image=&#8221;2975&#8243; img_size=&#8221;&#8221;][vc_column_text css_animation=&#8221;bottom-to-top&#8221;]COP4218 T\u0130DE Internal Audit[\/vc_column_text][vc_column_text css_animation=&#8221;bottom-to-top&#8221; css=&#8221;.vc_custom_1709560695049{margin-top: 0px !important;padding-top: 0px !important;}&#8221;]To ensure that the students are contacting with experienced and qualified internal audit professionals and to give them a wider perspective, as well as to increase awareness on internal audit among the academia.[\/vc_column_text][\/vc_column][vc_column width=&#8221;1\/4&#8243;][vc_single_image image=&#8221;2945&#8243; img_size=&#8221;&#8221;][vc_column_text]COP4221 PWC<\/p>\n<p>\u201cTaxation of International Trade\u201d[\/vc_column_text][vc_column_text]This\u00a0 course\u00a0 is\u00a0 designed\u00a0 to\u00a0 provide\u00a0 an\u00a0 introduction\u00a0 to\u00a0 principles, procedures and practices about the taxation and customs aspects of international trade. The objectives include principles and practices used by taxpayers and occupied with import and export activities. Special\u00a0 emphasis\u00a0 is\u00a0 given on laws related to taxation and agreements\/ cumulation group which facilitated international trade. This\u00a0 course will be supported by technological developments available for\u00a0 gathering, summarizing, analyzing and interpreting the data presented in Corporate tax, VAT, Indirect Tax and other information related with international taxation. Also it emphasizes ethical and legal aspects and considerations.[\/vc_column_text][\/vc_column][vc_column width=&#8221;1\/4&#8243;][vc_single_image image=&#8221;2586&#8243; img_size=&#8221;&#8221;][vc_column_text]COP4339 Zenna<\/p>\n<p>\u201cAra\u015ft. Research Literacy and Data Effect\u201d[\/vc_column_text][vc_column_text]This course is designed to provide you the basicknowledge and to build your skills in research literacy.This course provides an overview of the scientific processand teaches students to read and evaluate scientific reports:from popular media to primary literature. It will also enablethe students to realize the importance of being a goodconsumer of information.[\/vc_column_text][\/vc_column][vc_column width=&#8221;1\/4&#8243;][vc_single_image image=&#8221;2947&#8243; img_size=&#8221;&#8221;][vc_column_text]COP3432 Media Markt<\/p>\n<p>\u201cA Consumer Electronics Retailer: MediaMarkt\u201d[\/vc_column_text][vc_column_text]This course introduces students deep knowledge about consumer electronics retail sector by the MediaMarkt professionals. After this course, participants will learn how different branches of a company work as a whole in a dynamicbusinessenvironment.Thiscourse will focus on: (1) Examination of the ways of building management strategiesin consumer electronics retail, (2) Stages of retail business model, (3) Steps of designing customer journey for both online and offline customers,(4) Category management principlesin consumer electronics retail, (5)Marketing communication in retail (6) How Finance&amp;Accountingoperates in retail sector.[\/vc_column_text][\/vc_column][\/vc_row][vc_row][vc_column][vc_column_text]<br \/>\n[\/vc_column_text][\/vc_column][\/vc_row][vc_row][vc_column width=&#8221;1\/4&#8243;][vc_single_image image=&#8221;2891&#8243; img_size=&#8221;&#8221;][vc_column_text css_animation=&#8221;bottom-to-top&#8221;]COP4337 Lagalugac\u0131lar<\/p>\n<p>\u201cCommunication and Community Management in Social Media\u201d[\/vc_column_text][vc_column_text css_animation=&#8221;bottom-to-top&#8221; css=&#8221;.vc_custom_1709560858217{margin-top: 0px !important;padding-top: 0px !important;}&#8221;]In this course, taking into account the characteristics of social media, the digital existence of brands, creating effective communication activities according to the structure of the media, and the management of communities within the framework of the targeted outputs i will be questioned and discussed.[\/vc_column_text][\/vc_column][vc_column width=&#8221;1\/4&#8243;][vc_single_image image=&#8221;2949&#8243; img_size=&#8221;&#8221;][vc_column_text]COP4567 Benetton<\/p>\n<p>\u201cSales Management\u201d[\/vc_column_text][vc_column_text]The aim of the course is to ensure that students have knowledge about the sales process and to reveal the requirements of effective sales force management. It provides information on subjects such as sales processes, customer relationship management and sales analysis to students who want to pursue a career in the retail industry or brand management. The Sales Management course, which is required for the Department of Business Administration, is the first sales-oriented course of the Department of Business Administration and is opened under the name of the Benetton brand and plays the role of providing students with information about an important department in the business world.[\/vc_column_text][\/vc_column][vc_column width=&#8221;1\/4&#8243;][vc_single_image image=&#8221;2983&#8243; img_size=&#8221;&#8221;][vc_column_text]COP4242 Watsons<\/p>\n<p>\u201cFundamentals of E-Commerce\u201d[\/vc_column_text][vc_column_text]This course is designed to ensure that students gain a comprehensive understanding of e-Commerce Business and are equipped with practical skills applicable in the professional business world.[\/vc_column_text][\/vc_column][vc_column width=&#8221;1\/4&#8243;][vc_single_image image=&#8221;2951&#8243; img_size=&#8221;&#8221;][vc_column_text]COP4240 Ye\u015filay<\/p>\n<p>\u201cYe\u015filay &amp; Addiction\u201d[\/vc_column_text][vc_column_text]Following their acquaintance with the concept of addiction and the Green Crescent, students will gain a comprehensive understanding of addiction and addiction types, develop strategies to mitigate risk factors and prevent addictions, learn to apply effective intervention techniques for people affected by addiction and their environments, and understand the importance of tackling with addictions at the individual and social levels.[\/vc_column_text][\/vc_column][\/vc_row][vc_row][vc_column][vc_column_text]<\/p>\n<p>[\/vc_column_text][\/vc_column][\/vc_row][vc_row][vc_column width=&#8221;1\/4&#8243;][vc_single_image image=&#8221;2977&#8243; img_size=&#8221;&#8221;][vc_column_text css_animation=&#8221;bottom-to-top&#8221;]COP4341 Yap\u0131 Kredi<\/p>\n<p>\u201cSustainability Communication\u201d[\/vc_column_text][vc_column_text css_animation=&#8221;bottom-to-top&#8221; css=&#8221;.vc_custom_1709560937262{margin-top: 0px !important;padding-top: 0px !important;}&#8221;]To help students understand the role of communication in sustainable development and to use strategic communication to solve sustainable development problems[\/vc_column_text][\/vc_column][vc_column width=&#8221;1\/4&#8243;][vc_single_image image=&#8221;2953&#8243; img_size=&#8221;&#8221;][vc_column_text]COP4328 Taze Fikir<\/p>\n<p>\u201dBrand Communication in Metaverse\u201d[\/vc_column_text][vc_column_text]In this course, the concept of Metaverse will be discussed from different perspectives and in the presence of guests, and in accordance with the interdisciplinary nature of the field, potential opportunities and problems will be discussed and a basis will be tried to be formed by focusing brand communication.[\/vc_column_text][\/vc_column][vc_column width=&#8221;1\/4&#8243;][vc_single_image image=&#8221;2955&#8243; img_size=&#8221;&#8221;][vc_column_text]COP4404 BOSCH Termoteknik<\/p>\n<p>&#8220;HVAC Systems&#8221;[\/vc_column_text][vc_column_text]Participants in this course will be able to have knowledge about basic heating systems, air conditioning systems, renewable energy sources and alternative systems, theoretical knowledge about energy economy in these systems as well as applications.[\/vc_column_text][\/vc_column][vc_column width=&#8221;1\/4&#8243;][vc_single_image image=&#8221;2957&#8243; img_size=&#8221;&#8221;][vc_column_text]COP4436 SAMSUNG<\/p>\n<p>\u201cAdvanced Developing Applications for Android Devices\u201d[\/vc_column_text][vc_column_text]Participants will be able to develop specific and meaningful mobile applications for the Android platform.[\/vc_column_text][\/vc_column][\/vc_row][vc_row][vc_column][vc_column_text]<\/p>\n<p>[\/vc_column_text][\/vc_column][\/vc_row][vc_row][vc_column width=&#8221;1\/4&#8243;][vc_single_image image=&#8221;2959&#8243; img_size=&#8221;&#8221;][vc_column_text css_animation=&#8221;bottom-to-top&#8221;]COP4466 Wissen Akademi<\/p>\n<p>&#8220;Front End Web Development\u201d[\/vc_column_text][vc_column_text css_animation=&#8221;bottom-to-top&#8221; css=&#8221;.vc_custom_1709561036023{margin-top: 0px !important;padding-top: 0px !important;}&#8221;]This course including most important and popular web Technologies like JavaScript, BootStrap, React js, Angular, HTML5, JQuery, ASP.NET[\/vc_column_text][\/vc_column][vc_column width=&#8221;1\/4&#8243;][vc_single_image image=&#8221;2602&#8243; img_size=&#8221;&#8221;][vc_column_text]COP4509 Sevdimba\u015f Hukuk<\/p>\n<p>\u201cSports Law\u201d[\/vc_column_text][vc_column_text]To enable students to learn about the special legislation regarding sports disputes and to analyze these rules within the framework of general law principles and to resolve concrete disputes.[\/vc_column_text][\/vc_column][vc_column width=&#8221;1\/4&#8243;][vc_single_image image=&#8221;2959&#8243; img_size=&#8221;&#8221;][vc_column_text]COP4467 Wissen Akademi<\/p>\n<p>&#8220;Cybersecurity &amp; Information Systems Security&#8221;[\/vc_column_text][vc_column_text]The Cybersecurity and Information Systems Security Course will provide learners with principles of data and technology that frame and define cybersecurity along with the knowledge and skills to design a secure network infrastructure. Learners will gain insight into the importance of cybersecurity and the integral role of cybersecurity professionals. The course encourages decision-making skills through real-life scenarios that the target audience may encounter. These topics also include plans and policies, enterprise roles, security metrics, risk management, standards and regulations, physical security, and business continuity.[\/vc_column_text][\/vc_column][vc_column width=&#8221;1\/4&#8243;][vc_single_image image=&#8221;2606&#8243; img_size=&#8221;&#8221;][vc_column_text]COP4409 SELCO<\/p>\n<p>&#8220;Supply Chain &amp; Logistics&#8221;[\/vc_column_text][vc_column_text]This course; supply chain management increases the competitiveness of institutions by directly affecting their financial performance. The course covers topics such as supply chain strategies, purchasing, inventory planning, logistics management, information technologies and logistics management.[\/vc_column_text][\/vc_column][\/vc_row][vc_row][vc_column][vc_column_text]<\/p>\n<p>[\/vc_column_text][\/vc_column][\/vc_row][vc_row][vc_column width=&#8221;1\/4&#8243;][vc_single_image image=&#8221;2959&#8243; img_size=&#8221;&#8221;][vc_column_text css_animation=&#8221;bottom-to-top&#8221;]COP4468 Wissen Akademi<\/p>\n<p>&#8220;Cross Platform Applications Develeopment&#8221;[\/vc_column_text][vc_column_text css_animation=&#8221;bottom-to-top&#8221; css=&#8221;.vc_custom_1709561151709{margin-top: 0px !important;padding-top: 0px !important;}&#8221;]Cross app development is an approach to programming for\u00a0 devices that combines the strengths of native programming and HTML5\u00a0 app development.[\/vc_column_text][\/vc_column][vc_column width=&#8221;1\/4&#8243;][vc_single_image image=&#8221;2961&#8243; img_size=&#8221;&#8221;][vc_column_text]COP4919 STM M\u00fchendislik<\/p>\n<p>\u201cIntroduction to Defense Industry Applications\u201d[\/vc_column_text][vc_column_text]To enhance the participation and interest of university students in the defence industry and provide them with the necessary background infotmation by creating awareness about defence industry for which university student may make their job applications when they graduate.[\/vc_column_text][\/vc_column][vc_column width=&#8221;1\/4&#8243;][vc_single_image image=&#8221;2963&#8243; img_size=&#8221;&#8221;][vc_column_text]COP4421 FANUC<\/p>\n<p>\u201cRobotics and Automation Technologies\u201d[\/vc_column_text][vc_column_text]Introducing industral robot manipulator (FANUC) programm\u0131ng and applications.[\/vc_column_text][\/vc_column][vc_column width=&#8221;1\/4&#8243;][vc_single_image image=&#8221;2754&#8243; img_size=&#8221;&#8221;][vc_column_text]COP4488 \u2013 \u0130SK\u0130<\/p>\n<p>\u201cUrban Water Management and Infrastructure\u201d[\/vc_column_text][vc_column_text]The aim of this course is to define the duties of the administration and to explain the studies carried out for these duties to the students. In this context, subjects such as water, wastewater and sludge management, financing of environmental projects, protection of water basins, urban flood control, wastewater and water infrastructure will be explained to the students.[\/vc_column_text][\/vc_column][\/vc_row][vc_row][vc_column][vc_column_text]<\/p>\n<p>[\/vc_column_text][\/vc_column][\/vc_row][vc_row][vc_column width=&#8221;1\/4&#8243;][vc_single_image image=&#8221;2616&#8243; img_size=&#8221;&#8221;][vc_column_text]COP4451 Wissen Akademi<\/p>\n<p>&#8220;Cloud Computing &amp; Its Applications&#8221;[\/vc_column_text][vc_column_text]<a href=\"http:\/\/www.dummies.com\/how-to\/content\/what-is-cloud-computing.html#glossary-cloud_computing\">Cloud<\/a> <a href=\"http:\/\/www.dummies.com\/how-to\/content\/what-is-cloud-computing.html#glossary-cloud_computing\">computing<\/a> is the next stage in the computer systems\u2019 evolution, providing the means through which computer applications and data can be delivered to everyone as a service wherever and whenever they need. In this course, the students will be exposed to the fundamentals of cloud computing and associated technologies.[\/vc_column_text][\/vc_column][vc_column width=&#8221;1\/4&#8243;][vc_single_image image=&#8221;2965&#8243; img_size=&#8221;&#8221;][vc_column_text]COP4490 AgeSa<\/p>\n<p>\u201cAgile Transformation, Project and Risk Management Course\u201d[\/vc_column_text][vc_column_text]Students who complete the course will be competent and effective in concepts such as goal-oriented work, creative idea generation, and start-up company culture. With the assignments and applications given in the course, they will have the opportunity to experience the sector needs of today&#8217;s world with real examples. We aim to be a course that forms the basis for companies in the Agile Transformation process to become graduates who have sufficient knowledge and can contribute to the company in a short time.[\/vc_column_text][\/vc_column][vc_column width=&#8221;1\/4&#8243;][vc_single_image image=&#8221;2967&#8243; img_size=&#8221;&#8221;][vc_column_text]COP4496 IETT<\/p>\n<p>\u201cInnovation in Transportation\u201d[\/vc_column_text][vc_column_text]Students will learn innovative applications in metropolitan transportation,how to optimize urban transportation with buses, explore the stages of transportation-line-route planning, develop the re-organization of integrated transportation with multi-scale decision-making methods, learn today and tomorrow by learning innovative urban applications with smart transportation systems, and as a result of the lesson, they will develop a project for metropolitan transportation with ideathon.[\/vc_column_text][\/vc_column][vc_column width=&#8221;1\/4&#8243;][vc_single_image image=&#8221;2908&#8243; img_size=&#8221;&#8221;][vc_column_text css_animation=&#8221;bottom-to-top&#8221;]COP4322 Optimist Dan\u0131\u015fmanl\u0131k<\/p>\n<p>\u201cCustomer Experience Management\u201d[\/vc_column_text][vc_column_text css_animation=&#8221;bottom-to-top&#8221; css=&#8221;.vc_custom_1709561256401{margin-top: 0px !important;padding-top: 0px !important;}&#8221;]The purpose of this course is to understand especially how these impacts affected and changed the customer journey\u00a0 in regard and how companies started to adjust to this situation. The students will built up this know-how mainly with case studies what will give them the ability to easily adapt this knowledge in their work-life .[\/vc_column_text][\/vc_column][\/vc_row][vc_row][vc_column][vc_column_text]<\/p>\n<p>[\/vc_column_text][\/vc_column][\/vc_row][vc_row][vc_column width=&#8221;1\/4&#8243;][vc_single_image image=&#8221;2969&#8243; img_size=&#8221;&#8221;][vc_column_text css_animation=&#8221;bottom-to-top&#8221;]COP4912 ORION<\/p>\n<p>\u201c Quality Assurance and System Testing\u201d[\/vc_column_text][vc_column_text css_animation=&#8221;bottom-to-top&#8221; css=&#8221;.vc_custom_1709561284024{margin-top: 0px !important;padding-top: 0px !important;}&#8221;]It is planned to give lecture in which the theoretical and practical applications will be discussed and compared with the aim of transferring the necessary information to the students for the efficient implementation of quality assurance and control, system and software tests.[\/vc_column_text][\/vc_column][vc_column width=&#8221;1\/4&#8243;][vc_single_image image=&#8221;2979&#8243; img_size=&#8221;&#8221;][vc_column_text]COP4902 F\u0130GES<\/p>\n<p>\u201cModel based design via MATLAB\u201d[\/vc_column_text][vc_column_text]This course includes model-based design and relevant software development methods. At the end of the course, it is aimed that students develop software for embedded systems in model-based design and apply related test methods with MATLAB and Simulink.[\/vc_column_text][\/vc_column][vc_column width=&#8221;1\/4&#8243;][vc_column_text]COP3342<\/p>\n<p>\u201cPrompt Engineering\u201d[\/vc_column_text][vc_column_text]This course is designed to provide a comprehensive understanding of prompt engineering with a focus on the Generative Pretrained Transformer 4 (GPT-4) and its application, ChatGPT. The curriculum is tailored for a diverse range of students, regardless of their coding ability, aiming to bridge the gap between technical AI knowledge and practical everyday use cases. The aim is to empower students to utilize AI tools like ChatGPT for various tasks such as content creation, business productivity, media production, and more. By the end of the course, students will not only have a sound understanding of AI and prompt engineering but also hands-on experience in using AI tools for solving real-world problems, potentially opening up new career opportunities in the field.[\/vc_column_text][\/vc_column][vc_column width=&#8221;1\/4&#8243;][vc_single_image image=&#8221;2971&#8243; img_size=&#8221;&#8221;][vc_column_text]COP4920 Vodafone<\/p>\n<p>\u201cTelecommunications Engineering\u201d[\/vc_column_text][vc_column_text]4G-LTE Radio Technologies Introduction to Mobile Technology, Radio Planning,\u00a0 2G\/3G Radio Technologies, 4G-LTE Radio Technologies, 5G &#8211; Radio Technologies,\u00a0 Data Core Technology Evolution (4G&amp;5G), Voice Core Technology Evolution (4G&amp;5G), Access Transport Network Technologies &#8211; 1, Software Defined Neworks, NFV Network Virtualization, Next Generation Radio Access Technology &#8211; Open RAN, Network As a Platform Technologies, AI\/ML in Telecom Use Cases[\/vc_column_text][\/vc_column][\/vc_row][vc_row][vc_column][vc_column_text]<\/p>\n<p>[\/vc_column_text][\/vc_column][\/vc_row][vc_row][vc_column width=&#8221;1\/4&#8243;][vc_column_text]COP4922 IBM<\/p>\n<p>\u201cInformation Technologies\u201d[\/vc_column_text][vc_column_text]This course will introduce students to the core technologies. IBM Students will learn about the history and development of these technologies, as well as their current applications in business and industry.[\/vc_column_text][\/vc_column][vc_column width=&#8221;1\/4&#8243;][vc_single_image image=&#8221;2981&#8243; img_size=&#8221;&#8221;][vc_column_text]COP4469 KUIKA<\/p>\n<p>\u201cLow-Code Platform Development Kuika Case\u201d[\/vc_column_text][vc_column_text]The aim of this course is to provide the basic components of the architectural structure and sustainable structure created during the creation process of Low-code platforms, which are an up-to-date development platform.[\/vc_column_text][\/vc_column][vc_column width=&#8221;1\/4&#8243;][vc_single_image image=&#8221;2973&#8243; img_size=&#8221;&#8221;][vc_column_text]COP4430 LCW<\/p>\n<p>\u201cLCW To Be Brand in Global\u201d[\/vc_column_text][vc_column_text]Explaining the vision and strategy of a brand from Turkey, which is among the leading companies in the ready made garment sector in 47 countries and close to 1000 stores, to the students through concrete examples and real cases. To Address the 360 degree branding process by addressing issues such as marketing, product strategy, procrument, risk management and employee engagement in the direction of globalization, gaining the leadership of the sector and then protecting it.[\/vc_column_text][\/vc_column][vc_column width=&#8221;1\/4&#8243;][\/vc_column][\/vc_row][vc_row][vc_column][vc_column_text]<\/p>\n<p>[\/vc_column_text][\/vc_column][\/vc_row]<\/p>\n<\/div>","protected":false},"excerpt":{"rendered":"<p>[vc_row][vc_column][vc_empty_space height=&#8221;100px&#8221;][\/vc_column][\/vc_row][vc_row][vc_column width=&#8221;1\/4&#8243;][vc_single_image image=&#8221;2939&#8243; img_size=&#8221;&#8221;][vc_column_text css_animation=&#8221;bottom-to-top&#8221;]COP4803 Keyvan Aviation \u201cNavigating Future Skies\u201d[\/vc_column_text][vc_column_text css_animation=&#8221;bottom-to-top&#8221; css=&#8221;.vc_custom_1709560557826{margin-top: 0px !important;padding-top: 0px !important;}&#8221;]This course aims to provide an in-depth understanding of Aeronautical Navigation Data and Sustainable Aviation, with a focus on their significance in the modern aviation industry. It will explore the intricacies of data generation, processing, and application in aeronautical<\/p>\n","protected":false},"author":1,"featured_media":0,"parent":0,"menu_order":0,"comment_status":"closed","ping_status":"closed","template":"","meta":{"footnotes":""},"class_list":["post-2934","page","type-page","status-publish","hentry"],"_links":{"self":[{"href":"https:\/\/coop.bau.edu.tr\/en\/wp-json\/wp\/v2\/pages\/2934","targetHints":{"allow":["GET"]}}],"collection":[{"href":"https:\/\/coop.bau.edu.tr\/en\/wp-json\/wp\/v2\/pages"}],"about":[{"href":"https:\/\/coop.bau.edu.tr\/en\/wp-json\/wp\/v2\/types\/page"}],"author":[{"embeddable":true,"href":"https:\/\/coop.bau.edu.tr\/en\/wp-json\/wp\/v2\/users\/1"}],"replies":[{"embeddable":true,"href":"https:\/\/coop.bau.edu.tr\/en\/wp-json\/wp\/v2\/comments?post=2934"}],"version-history":[{"count":3,"href":"https:\/\/coop.bau.edu.tr\/en\/wp-json\/wp\/v2\/pages\/2934\/revisions"}],"predecessor-version":[{"id":2994,"href":"https:\/\/coop.bau.edu.tr\/en\/wp-json\/wp\/v2\/pages\/2934\/revisions\/2994"}],"wp:attachment":[{"href":"https:\/\/coop.bau.edu.tr\/en\/wp-json\/wp\/v2\/media?parent=2934"}],"curies":[{"name":"wp","href":"https:\/\/api.w.org\/{rel}","templated":true}]}}