{"id":2886,"date":"2023-09-29T12:10:43","date_gmt":"2023-09-29T09:10:43","guid":{"rendered":"https:\/\/coop.bau.edu.tr\/?page_id=2886"},"modified":"2023-09-29T12:35:08","modified_gmt":"2023-09-29T09:35:08","slug":"2023-2024-fall-semester-branded-courses","status":"publish","type":"page","link":"https:\/\/coop.bau.edu.tr\/en\/2023-2024-fall-semester-branded-courses\/","title":{"rendered":"2023-2024 Fall Semester Branded Courses"},"content":{"rendered":"<div class=\"wpb-content-wrapper\"><p>[vc_row][vc_column][vc_empty_space height=&#8221;100px&#8221;][\/vc_column][\/vc_row][vc_row][vc_column width=&#8221;1\/4&#8243;][vc_single_image image=&#8221;2659&#8243; img_size=&#8221;&#8221;][vc_column_text css_animation=&#8221;bottom-to-top&#8221;]COP4115<\/p>\n<p>&#8220;Introduction to Psychodrama Group Psychotherapy&#8221;[\/vc_column_text][vc_column_text css_animation=&#8221;bottom-to-top&#8221; css=&#8221;.vc_custom_1695979170411{margin-top: 0px !important;padding-top: 0px !important;}&#8221;]To learn, History of Psychodrama, the importance of warm-up and cohension in psychodrama, working stage and formats in Psychodrama, sharing stage and formats in psychodrama, basic concept of spontaneity and creativity in psychodrama, elements of psychodrama, matching, role change and mirror as a basic technique of psychodrama, Social atom, application areas of psychodrama, termination and ending in psychodrama[\/vc_column_text][\/vc_column][vc_column width=&#8221;1\/4&#8243;][vc_single_image image=&#8221;2889&#8243; img_size=&#8221;&#8221;][vc_column_text]COP4207 Bah\u00e7e\u015fehir College<\/p>\n<p>\u201cDesigning the Future of Education through Bah\u00e7e\u015fehir College Vision\u201d[\/vc_column_text][vc_column_text]Students will explain the management system and necessary characteristics for educational leadership in multi-campus schools, as well as the integration of educational technologies into the school system. They will identify further education opportunities required for career planning, exemplify innovative practices that make a difference in education, apply effective communication techniques, recognize the individual and social impacts of media, evaluate crisis management processes, understand the importance of creating an inclusive school climate, and provide examples of financial management practices in education.[\/vc_column_text][\/vc_column][vc_column width=&#8221;1\/4&#8243;][vc_single_image image=&#8221;2578&#8243; img_size=&#8221;&#8221;][vc_column_text]COP4330 Cinema8<\/p>\n<p>\u201cInteractive Short Film Production\u201d[\/vc_column_text][vc_column_text]The aim of this course is to explain about the use of interactive video in art and business life and students to produce interactive short film. The Cinema8 Creative Studio will be explained with theoretical and practical. Also, the seminars about video content trends, revenue models, gamification, sales in the context of interactive video and interactive scenario production. Students are expected to complete the steps for their final projects throughout the semester.[\/vc_column_text][\/vc_column][vc_column width=&#8221;1\/4&#8243;][vc_single_image image=&#8221;2912&#8243; img_size=&#8221;&#8221;][vc_column_text css_animation=&#8221;bottom-to-top&#8221;]COP4802 IGA<\/p>\n<p>\u201cAirport Management\u201d[\/vc_column_text][vc_column_text css_animation=&#8221;bottom-to-top&#8221; css=&#8221;.vc_custom_1695979297300{margin-top: 0px !important;padding-top: 0px !important;}&#8221;]With this course, students will have information about airport management and the sector. Basic operations at the airport will be explained in detail.[\/vc_column_text][\/vc_column][\/vc_row][vc_row][vc_column][vc_column_text]<\/p>\n<p>[\/vc_column_text][\/vc_column][\/vc_row][vc_row][vc_column width=&#8221;1\/4&#8243;][vc_single_image image=&#8221;2582&#8243; img_size=&#8221;&#8221;][vc_column_text css_animation=&#8221;bottom-to-top&#8221;]COP4433 Netflix<\/p>\n<p>\u201cSeries-Writing Course\u201d[\/vc_column_text][vc_column_text css_animation=&#8221;bottom-to-top&#8221; css=&#8221;.vc_custom_1695979336317{margin-top: 0px !important;padding-top: 0px !important;}&#8221;]This course is designed to teach the students to be able to write a series-episode and how to be impactful to the writers\u2019 room \/ head writer before they write a single word. The simulated writers\u2019 room concept brings together a group of a carefully curated group of Emerging Writers that have not only the talent to be successful but also the disposition and social IQ required to be productive members of a premium Writers\u2019 Room that they can one day be the Head Writers \/ Creators.[\/vc_column_text][\/vc_column][vc_column width=&#8221;1\/4&#8243;][vc_single_image image=&#8221;2584&#8243; img_size=&#8221;&#8221;][vc_column_text]COP4335 Podfresh<\/p>\n<p>\u201cGlobal Podcasting Ecosystem\u201d[\/vc_column_text][vc_column_text]This course will include theoretical reading and practice about how the podcast is used by journalists and other branches of media, as well as practice and discussion. As a deliverable, students will prepare and release a pilot of a podcast. This class will instruct students on determining the topic, theme and audience of a podcast, as well as the post-production process and the episode\u2019s release through podcast platforms including but not limited to Spotify and Apple Podcasts, and the analysis of the viewing data. The class will offer industry knowledge in an applied setting, where it will be accompanied by academic and market discussions.[\/vc_column_text][\/vc_column][vc_column width=&#8221;1\/4&#8243;][vc_single_image image=&#8221;2586&#8243; img_size=&#8221;&#8221;][vc_column_text]COP4339 Zenna<\/p>\n<p>&#8220;Research Literacy and Data Effect&#8221;[\/vc_column_text][vc_column_text]This course is designed to provide you the basicknowledge and to build your skills in research literacy.This course provides an overview of the scientific processand teaches students to read and evaluate scientific reports:from popular media to primary literature. It will also enablethe students to realize the importance of being a goodconsumer of information.[\/vc_column_text][\/vc_column][vc_column width=&#8221;1\/4&#8243;][vc_single_image image=&#8221;2588&#8243; img_size=&#8221;&#8221;][vc_column_text]COP4338 Tazefikir<\/p>\n<p>&#8220;Creative Thinking and Innovation&#8221;[\/vc_column_text][vc_column_text]This course is designed to serve the interests and needs of all these efforts and more. The course aims to teach to look at creativity from every possible angle, to focus on methods that can be used to inspire creative ideas, to explore the broader concepts that are at the heart of creative work, and to use creative thinking in different business areas. Another aim of the course is to contribute to the development of creative ideas focused on the digital world and metaverse.[\/vc_column_text][\/vc_column][\/vc_row][vc_row][vc_column][vc_column_text]<br \/>\n[\/vc_column_text][\/vc_column][\/vc_row][vc_row][vc_column width=&#8221;1\/4&#8243;][vc_single_image image=&#8221;2891&#8243; img_size=&#8221;&#8221;][vc_column_text css_animation=&#8221;bottom-to-top&#8221;]COP4337 Lagalugac\u0131lar<\/p>\n<p>\u201cCommunication and Community Management in Social Media\u201d[\/vc_column_text][vc_column_text css_animation=&#8221;bottom-to-top&#8221; css=&#8221;.vc_custom_1695979469705{margin-top: 0px !important;padding-top: 0px !important;}&#8221;]In this course, taking into account the characteristics of social media, the digital existence of brands, creating effective communication activities according to the structure of the media, and the management of communities within the framework of the targeted outputs i will be questioned and discussed.[\/vc_column_text][\/vc_column][vc_column width=&#8221;1\/4&#8243;][vc_single_image image=&#8221;2592&#8243; img_size=&#8221;&#8221;][vc_column_text]COP3435 Flormar<\/p>\n<p>\u201cIntegrated Marketing Communications Management\u201d\u201d[\/vc_column_text][vc_column_text]Understanding of the core concepts and tools of Integrated Marketing Communications. Learning all the main processes required by the industry-independent marketing communication needs, starting with the creation of a strategy. Creation of 360 marketing communication plan. Designing Marketing Communications with an effective combination of traditional and digital media.[\/vc_column_text][\/vc_column][vc_column width=&#8221;1\/4&#8243;][vc_single_image image=&#8221;2664&#8243; img_size=&#8221;&#8221;][vc_column_text]COP3437 Mondelez<\/p>\n<p>\u201cHow brands grow?\u201d[\/vc_column_text][vc_column_text]Students will learn how marketing science has changed since the 1900s, the evolution of consumers and what marketing professionals need to do to grow their brands in this direction, both theoretically and with local and international case studies.[\/vc_column_text][\/vc_column][vc_column width=&#8221;1\/4&#8243;][vc_single_image image=&#8221;2642&#8243; img_size=&#8221;&#8221;][vc_column_text]COP3439 Workflex<\/p>\n<p>\u201cIntroduction to the Freelance Working Model\u201d[\/vc_column_text][vc_column_text]The aim of the course is to familiarize the students with the concept of freelancer and start making the necessary preparations by learning the basics of the mixed labor, which is internationally accepted as the working model of today and the future, and the freelance working model, which has become an important part of the mixed labor. In this way, it is to show that there is a more flexible alternative to the young people who prefer not to work instead of choosing full-time permanent jobs that meet their needs and expectations, and to contribute to the decrease in the youth unemployment rate in Turkey by giving the awareness that they need to be prepared to have the necessary equipment.[\/vc_column_text][\/vc_column][\/vc_row][vc_row][vc_column][vc_column_text]<\/p>\n<p>[\/vc_column_text][\/vc_column][\/vc_row][vc_row][vc_column width=&#8221;1\/4&#8243;][vc_single_image image=&#8221;2893&#8243; img_size=&#8221;&#8221;][vc_column_text css_animation=&#8221;bottom-to-top&#8221;]COP4447 L\u2019Or\u00e9al<\/p>\n<p>\u201cTransformative Business Management in Beauty\u201d[\/vc_column_text][vc_column_text css_animation=&#8221;bottom-to-top&#8221; css=&#8221;.vc_custom_1695979574389{margin-top: 0px !important;padding-top: 0px !important;}&#8221;]They will gain competencies in planning the future strategically with both B2B and B2C perspective while the students will witness a transformation story in the way of doing business with L&#8217;Or\u00e9al which is the leader of the beauty industry.A working and learning environment will be set up where all students can put their theoretical knowledge into practice through both theoretical and project studies on real examples with our staff consisting of real employees who have achieved a transformation success story in the private sector.[\/vc_column_text][\/vc_column][vc_column width=&#8221;1\/4&#8243;][vc_single_image image=&#8221;2895&#8243; img_size=&#8221;&#8221;][vc_column_text]COP4501 \u0130pekyol<\/p>\n<p>\u201cDigitization and New Applications in Fashion Retail\u201d[\/vc_column_text][vc_column_text]When we think of fashion retailing, experiences will be shared about the dynamics of fashion retailing, the retail operations in Turkey and abroad, the use of new technologies in sales management, and the power of e-commerce in the new retailing paradigm. These experiences will be shared by Ayayd\u0131n Miroglio Group, one of the most recognized and established leaders in the fashion retailing sector.[\/vc_column_text][\/vc_column][vc_column width=&#8221;1\/4&#8243;][vc_single_image image=&#8221;2897&#8243; img_size=&#8221;&#8221;][vc_column_text]COP4511 HAN Spaces \u0130\u015fin Gelece\u011fi<\/p>\n<p>\u201cDevelopment and Management of Coworking Spaces\u201d[\/vc_column_text][vc_column_text]Students explore the planning stages and applications of co-working spaces. They gain know-how from design to ergonomics, from location selection to building technologies. Based on the example of HAN Spaces with its sustainability vision and ecosystem-oriented business philosophy, they become aware of strong examples from around the world. They learn about Marketing, Building Communities, the future of work and the culture of collaboration. With this course, it is also aimed to open a new window for students to work in business areas that trigger a flexible working environment and creativity.[\/vc_column_text][\/vc_column][vc_column width=&#8221;1\/4&#8243;][vc_single_image image=&#8221;2598&#8243; img_size=&#8221;&#8221;][vc_column_text]COP4507 ISTAC<\/p>\n<p>&#8220;Arbitration&#8221;[\/vc_column_text][vc_column_text]Students to obtain general information about arbitration proceedings, to analyze the proceedings by examining the legislation and international agreements on arbitration proceedings, to obtain information about areas of law and industries where arbitration is used more often.[\/vc_column_text][\/vc_column][\/vc_row][vc_row][vc_column][vc_column_text]<\/p>\n<p>[\/vc_column_text][\/vc_column][\/vc_row][vc_row][vc_column width=&#8221;1\/4&#8243;][vc_single_image image=&#8221;2899&#8243; img_size=&#8221;&#8221;][vc_column_text css_animation=&#8221;bottom-to-top&#8221;]COP4749 ET\u0130D (E-ticaret \u0130\u015fletmecileri Derne\u011fi)<\/p>\n<p>\u201cE-commerce\u201d[\/vc_column_text][vc_column_text css_animation=&#8221;bottom-to-top&#8221; css=&#8221;.vc_custom_1695979680293{margin-top: 0px !important;padding-top: 0px !important;}&#8221;]Our aim is to provide in-depth knowledge and experience about the rapidly developing e-commerce sector. In addition, to make the potential human resources have knowledge and ideas about the sector for the possible needs of the sector.[\/vc_column_text][\/vc_column][vc_column width=&#8221;1\/4&#8243;][vc_single_image image=&#8221;2602&#8243; img_size=&#8221;&#8221;][vc_column_text]COP4509 Sevdimba\u015f Hukuk<\/p>\n<p>\u201cSports Law\u201d[\/vc_column_text][vc_column_text]To enable students to learn about the special legislation regarding sports disputes and to analyze these rules within the framework of general law principles and to resolve concrete disputes.[\/vc_column_text][\/vc_column][vc_column width=&#8221;1\/4&#8243;][vc_single_image image=&#8221;2604&#8243; img_size=&#8221;&#8221;][vc_column_text]COP4401 Schneider Electric<\/p>\n<p>&#8220;Energy Effiency &amp; Saving&#8221;[\/vc_column_text][vc_column_text]Understanding the main concepts of energy efficiency. Basics and applications of electrical energy efficiency with energy management technologies in both residential and industrial buildings. Importance and basics of electrical energy quality. Providing energy efficiency and savings with energy management, tariff management, monitoring, and measurement.[\/vc_column_text][\/vc_column][vc_column width=&#8221;1\/4&#8243;][vc_single_image image=&#8221;2606&#8243; img_size=&#8221;&#8221;][vc_column_text]COP4409 SELCO<\/p>\n<p>&#8220;Supply Chain &amp; Logistics&#8221;[\/vc_column_text][vc_column_text]Supply chain management increases the competitiveness by directly affecting the financial performance of the institutions. The course covers topics such as supply chain strategies, procurement, inventory planning, logistics management, information technology and logistics management.[\/vc_column_text][\/vc_column][\/vc_row][vc_row][vc_column][vc_column_text]<\/p>\n<p>[\/vc_column_text][\/vc_column][\/vc_row][vc_row][vc_column width=&#8221;1\/4&#8243;][vc_single_image image=&#8221;2608&#8243; img_size=&#8221;&#8221;][vc_column_text css_animation=&#8221;bottom-to-top&#8221;]COP4413 Mercedes Benz<\/p>\n<p>&#8220;Commercial Vehicle Engineering&#8221;[\/vc_column_text][vc_column_text css_animation=&#8221;bottom-to-top&#8221; css=&#8221;.vc_custom_1695979781026{margin-top: 0px !important;padding-top: 0px !important;}&#8221;]In this course, fundamentals, systems and components, methods and processes of commercial vehicle engineering at Mercedes-Benz T\u00fcrk will be introduced.[\/vc_column_text][\/vc_column][vc_column width=&#8221;1\/4&#8243;][vc_single_image image=&#8221;2610&#8243; img_size=&#8221;&#8221;][vc_column_text]COP4419 Wissen Akademi<\/p>\n<p>&#8220;Network Systems Engineering&#8221;[\/vc_column_text][vc_column_text]With this course, students will be able to recognize computer networks, recognize the types and characteristics of cables used in networks, recognize hardware units used in computer networks, make network connections, and understand network protocols.[\/vc_column_text][\/vc_column][vc_column width=&#8221;1\/4&#8243;][vc_single_image image=&#8221;2612&#8243; img_size=&#8221;&#8221;][vc_column_text]COP4428 Trendyol<\/p>\n<p>&#8220;Introductin to Software Testing&#8221;[\/vc_column_text][vc_column_text]How to use agile methods in software testings, the testing step in software development lifecycle, test automation processes and how they work, how to take advantages of Selenium in test autmoation processes and automate test suits with continuous integration.[\/vc_column_text][\/vc_column][vc_column width=&#8221;1\/4&#8243;][vc_single_image image=&#8221;2614&#8243; img_size=&#8221;&#8221;][vc_column_text]COP4435 \u2013 SAMSUNG<\/p>\n<p>\u201cDeveloping Applications for Android Devices\u201d[\/vc_column_text][vc_column_text]This Course studenst will be able to develop custom and meaningful mobile applications for the Android platform.[\/vc_column_text][\/vc_column][\/vc_row][vc_row][vc_column][vc_column_text]<\/p>\n<p>[\/vc_column_text][\/vc_column][\/vc_row][vc_row][vc_column width=&#8221;1\/4&#8243;][vc_single_image image=&#8221;2616&#8243; img_size=&#8221;&#8221;][vc_column_text]COP4451 Wissen Akademi<\/p>\n<p>&#8220;Cloud Computing &amp; Its Applications&#8221;[\/vc_column_text][vc_column_text]<a href=\"http:\/\/www.dummies.com\/how-to\/content\/what-is-cloud-computing.html#glossary-cloud_computing\">Cloud<\/a> <a href=\"http:\/\/www.dummies.com\/how-to\/content\/what-is-cloud-computing.html#glossary-cloud_computing\">computing<\/a> is the next stage in the computer systems\u2019 evolution, providing the means through which computer applications and data can be delivered to everyone as a service wherever and whenever they need. In this course, the students will be exposed to the fundamentals of cloud computing and associated technologies.[\/vc_column_text][\/vc_column][vc_column width=&#8221;1\/4&#8243;][vc_single_image image=&#8221;2841&#8243; img_size=&#8221;&#8221;][vc_column_text]COP4461 ORION<\/p>\n<p>&#8220;Agile Project Management[\/vc_column_text][vc_column_text]This course will cover different types of Agile Project management technics. Course objectives can be listed as: Learning fundemantals of Agile project management, general knowledge on agile project management real-life examples with group case activities.[\/vc_column_text][\/vc_column][vc_column width=&#8221;1\/4&#8243;][vc_single_image image=&#8221;2620&#8243; img_size=&#8221;&#8221;][vc_column_text]COP4472 Wissen Akademi<\/p>\n<p>&#8220;IOT and Industry 4.0 Framework&#8221;[\/vc_column_text][vc_column_text]Industrie 4.0 is a program designed to introduce to the participants about the key design principles and components of the new revolution, its key challenges, and the new potential opportunities for the entire value chain of the implementation. In the current industry environment, providing high-end quality service or product with the least cost is the key to success and industrial factories are trying to achieve as much performance as possible to increase their profit as well as their reputation.[\/vc_column_text][\/vc_column][vc_column width=&#8221;1\/4&#8243;][vc_single_image image=&#8221;2908&#8243; img_size=&#8221;&#8221;][vc_column_text css_animation=&#8221;bottom-to-top&#8221;]COP4322 Optimist Dan\u0131\u015fmanl\u0131k<\/p>\n<p>\u201cCustomer Experience Management\u201d[\/vc_column_text][vc_column_text css_animation=&#8221;bottom-to-top&#8221; css=&#8221;.vc_custom_1695979997930{margin-top: 0px !important;padding-top: 0px !important;}&#8221;]The purpose of this course is to understand especially how these impacts affected and changed the customer journey\u00a0 in regard and how companies started to adjust to this situation. The students will built up this know-how mainly with case studies what will give them the ability to easily adapt this knowledge in their work-life .[\/vc_column_text][\/vc_column][\/vc_row][vc_row][vc_column][vc_column_text]<\/p>\n<p>[\/vc_column_text][\/vc_column][\/vc_row][vc_row][vc_column width=&#8221;1\/4&#8243;][vc_single_image image=&#8221;2622&#8243; img_size=&#8221;&#8221;][vc_column_text css_animation=&#8221;bottom-to-top&#8221;]COP4473 Dinamo Co- PPPCOE<\/p>\n<p>&#8220;Mega Projects&#8221;[\/vc_column_text][vc_column_text css_animation=&#8221;bottom-to-top&#8221; css=&#8221;.vc_custom_1695979901419{margin-top: 0px !important;padding-top: 0px !important;}&#8221;]As a result, in this course, applications of the public-private partnership practices in developing and constantly in need of investment growing countries by both the central government and all local governments in optimal conditions will be determined. PPP in essence is not new but gains a new functioning and structure with changing economic and management processes winning sector cooperation.[\/vc_column_text][\/vc_column][vc_column width=&#8221;1\/4&#8243;][vc_single_image image=&#8221;2624&#8243; img_size=&#8221;&#8221;][vc_column_text]COP4498 Akenerji<\/p>\n<p>\u201cPower Plant Operation and Management\u201d[\/vc_column_text][vc_column_text]To provide a comprehensive introduction of energy, energy markets and energy trading from the first principles of exploration all the way to deal structuring.[\/vc_column_text][\/vc_column][vc_column width=&#8221;1\/4&#8243;][vc_single_image image=&#8221;2901&#8243; img_size=&#8221;&#8221;][vc_column_text]COP3443 Akk\u00f6k Holding<\/p>\n<p>\u201cCorporate Governance\u201d[\/vc_column_text][vc_column_text]The students taking this course will learn about corporate governance and holding management concepts, gain knowledge about strategic relationships, partnerships, growth, and competitive advantage, and acquire information about the global governance principles of holdings.[\/vc_column_text][\/vc_column][vc_column width=&#8221;1\/4&#8243;][vc_single_image image=&#8221;2903&#8243; img_size=&#8221;&#8221;][vc_column_text]COP4497 KUIKA<\/p>\n<p>\u201cWeb and Mobile Application Development with Kuika\u201d[\/vc_column_text][vc_column_text]The aim of this course is to convey how web and mobile application development processes are carried out through the Kuika platform with the low-code application development method, which is a current application development method, and to provide the career development of the course participants in the field of low-code application development.[\/vc_column_text][\/vc_column][\/vc_row][vc_row][vc_column][vc_column_text]<\/p>\n<p>[\/vc_column_text][\/vc_column][\/vc_row][vc_row][vc_column width=&#8221;1\/4&#8243;][vc_single_image image=&#8221;2634&#8243; img_size=&#8221;&#8221;][vc_column_text]COP4493 AWS Academy<\/p>\n<p>\u201cCloud Computing Foundations\u201d[\/vc_column_text][vc_column_text]Businesses recognize that the rapidly evolving Amazon Web Services (AWS) cloud computing platform provides a broad range of services that boost innovation, enable agility, and optimize IT spending. You will gain an understanding of core AWS technologies, their use cases, best practices, and the benefits and costs of working with AWS\u00a0environments by taking this course.[\/vc_column_text][\/vc_column][\/vc_row][vc_row][vc_column][vc_column_text]<\/p>\n<p>[\/vc_column_text][\/vc_column][\/vc_row]<\/p>\n<\/div>","protected":false},"excerpt":{"rendered":"<p>[vc_row][vc_column][vc_empty_space height=&#8221;100px&#8221;][\/vc_column][\/vc_row][vc_row][vc_column width=&#8221;1\/4&#8243;][vc_single_image image=&#8221;2659&#8243; img_size=&#8221;&#8221;][vc_column_text css_animation=&#8221;bottom-to-top&#8221;]COP4115 &#8220;Introduction to Psychodrama Group Psychotherapy&#8221;[\/vc_column_text][vc_column_text css_animation=&#8221;bottom-to-top&#8221; css=&#8221;.vc_custom_1695979170411{margin-top: 0px !important;padding-top: 0px !important;}&#8221;]To learn, History of Psychodrama, the importance of warm-up and cohension in psychodrama, working stage and formats in Psychodrama, sharing stage and formats in psychodrama, basic concept of spontaneity and creativity in psychodrama, elements of psychodrama, matching, role change<\/p>\n","protected":false},"author":1,"featured_media":0,"parent":0,"menu_order":0,"comment_status":"closed","ping_status":"closed","template":"","meta":{"footnotes":""},"class_list":["post-2886","page","type-page","status-publish","hentry"],"_links":{"self":[{"href":"https:\/\/coop.bau.edu.tr\/en\/wp-json\/wp\/v2\/pages\/2886","targetHints":{"allow":["GET"]}}],"collection":[{"href":"https:\/\/coop.bau.edu.tr\/en\/wp-json\/wp\/v2\/pages"}],"about":[{"href":"https:\/\/coop.bau.edu.tr\/en\/wp-json\/wp\/v2\/types\/page"}],"author":[{"embeddable":true,"href":"https:\/\/coop.bau.edu.tr\/en\/wp-json\/wp\/v2\/users\/1"}],"replies":[{"embeddable":true,"href":"https:\/\/coop.bau.edu.tr\/en\/wp-json\/wp\/v2\/comments?post=2886"}],"version-history":[{"count":3,"href":"https:\/\/coop.bau.edu.tr\/en\/wp-json\/wp\/v2\/pages\/2886\/revisions"}],"predecessor-version":[{"id":2917,"href":"https:\/\/coop.bau.edu.tr\/en\/wp-json\/wp\/v2\/pages\/2886\/revisions\/2917"}],"wp:attachment":[{"href":"https:\/\/coop.bau.edu.tr\/en\/wp-json\/wp\/v2\/media?parent=2886"}],"curies":[{"name":"wp","href":"https:\/\/api.w.org\/{rel}","templated":true}]}}