{"id":2463,"date":"2022-07-08T17:02:03","date_gmt":"2022-07-08T14:02:03","guid":{"rendered":"https:\/\/coop.bau.edu.tr\/?page_id=2463"},"modified":"2022-07-08T17:02:03","modified_gmt":"2022-07-08T14:02:03","slug":"2021-2022-fall-semester-branded-courses","status":"publish","type":"page","link":"https:\/\/coop.bau.edu.tr\/en\/2021-2022-fall-semester-branded-courses\/","title":{"rendered":"2021-2022 Fall Semester Branded Courses"},"content":{"rendered":"<div class=\"wpb-content-wrapper\"><p>[vc_row][vc_column][vc_empty_space height=&#8221;100px&#8221;][\/vc_column][\/vc_row][vc_row][vc_column width=&#8221;1\/4&#8243;][codebean_images_grid image_1=&#8221;2281&#8243;][vc_column_text css_animation=&#8221;bottom-to-top&#8221;]<strong>COP4115 I.P.I<br \/>\n<\/strong><\/p>\n<p><strong>&#8220;Introduction to Psychodrama Group Psychotherapy&#8221;<\/strong>[\/vc_column_text][vc_column_text css_animation=&#8221;bottom-to-top&#8221; css=&#8221;.vc_custom_1657279278754{margin-top: 0px !important;padding-top: 0px !important;}&#8221;]Bu derste, Psikodraman\u0131n Tarih\u00e7esi, Psikodramada Is\u0131nma ve Kohezyonun \u00d6nemi, Psikodrama \u00e7al\u0131\u015fma a\u015famas\u0131 ve \u00e7al\u0131\u015fma bi\u00e7imleri, Psikodramada payla\u015f\u0131m a\u015famas\u0131 ve payla\u015f\u0131m bi\u00e7imleri, Psikodraman\u0131n Temel kavramlar\u0131nda Spontanite ve Yarat\u0131c\u0131l\u0131k, Psikodraman\u0131n Unsurlar\u0131, Psikodraman\u0131n Temel Tekniklerinden E\u015fleme, Rol De\u011fi\u015ftirme, Ayna, Sosyal Atom, Psikodraman\u0131n Kullan\u0131m Alanlar\u0131 aktar\u0131lacakt\u0131r.[\/vc_column_text][\/vc_column][vc_column width=&#8221;1\/4&#8243;][codebean_images_grid image_1=&#8221;2283&#8243;][vc_column_text css_animation=&#8221;bottom-to-top&#8221;]<strong>COP4203 Denizbank<br \/>\n<\/strong><\/p>\n<p><strong>&#8220;Banking Practice&#8221;<\/strong>[\/vc_column_text][vc_column_text]Bu dersin amac\u0131, \u00f6\u011frencileri, Bankac\u0131l\u0131kta \u201cHukuk\u201d, \u201cRisk Y\u00f6netimi\u201d, \u201cKredi S\u00fcreci\u201d ve \u201cHazine\u201d konular\u0131 hakk\u0131nda teorik bilginin \u00f6tesinde i\u015f ya\u015fam\u0131nda kar\u015f\u0131la\u015facaklar\u0131 uygulamalarla tan\u0131\u015ft\u0131rmakt\u0131r.[\/vc_column_text][\/vc_column][vc_column width=&#8221;1\/4&#8243;][codebean_images_grid image_1=&#8221;1439&#8243;][vc_column_text css_animation=&#8221;bottom-to-top&#8221;]<strong>COP4212 Mikro Yaz\u0131l\u0131m<br \/>\n<\/strong><\/p>\n<p>\u201cApplied Accounting\u201d<\/p>\n<p><strong>\u00a0<\/strong>[\/vc_column_text][vc_column_text]Bu dersin amac\u0131, muhasebenin temel ilkeleri ve de\u011ferlendirme y\u00f6ntemlerinden faydalan\u0131larak muhasebe kay\u0131t sistemlerinin tek d\u00fczen hesap plan\u0131na uyumlu olarak bilgisayar ortam\u0131nda tutulmas\u0131n\u0131n \u00f6\u011fretilmesidir.[\/vc_column_text][\/vc_column][vc_column width=&#8221;1\/4&#8243;][codebean_images_grid image_1=&#8221;1645&#8243;][vc_column_text css_animation=&#8221;bottom-to-top&#8221;]<strong>COP4215 Kuveyt T\u00fcrk<br \/>\n<\/strong><\/p>\n<p>&#8220;Participation Banking&#8221;<\/p>\n<p><strong>\u00a0<\/strong>[\/vc_column_text][vc_column_text]Bu dersle \u00f6\u011frenciler kat\u0131l\u0131m bankac\u0131l\u0131\u011f\u0131 ve islam\u0131 bankac\u0131l\u0131k konular\u0131nda faiz yap\u0131s\u0131 ve di\u011fer i\u015flemlerle ilgili bilgi sahibi olabileceklerdir.[\/vc_column_text][\/vc_column][\/vc_row][vc_row][vc_column width=&#8221;1\/4&#8243;][codebean_images_grid image_1=&#8221;1054&#8243;][vc_column_text css_animation=&#8221;bottom-to-top&#8221;]<strong>COP4301 Bersay \u0130leti\u015fim Enstit\u00fcs\u00fc<br \/>\n<\/strong><\/p>\n<p>&#8220;Proficiency Communication&#8221;<\/p>\n<p><strong>\u00a0<\/strong>[\/vc_column_text][vc_column_text]Bu dersle \u00f6\u011frencilere, ileti\u015fim sekt\u00f6r\u00fc \u00e7al\u0131\u015fanlar\u0131na, ileti\u015fim sekt\u00f6r\u00fcnden profesyonel destek alanlara ve gen\u00e7 ileti\u015fimci adaylar\u0131na, ileti\u015fimi do\u011fru anlama, okuma ve daha etkili bireysel, kurumsal, kitlesel ileti\u015fim \u00e7al\u0131\u015fmalar\u0131 yapabilmelerinde, ihtiya\u00e7 duyduklar\u0131 d\u00fc\u015f\u00fcnsel derinli\u011fe ve i\u015f prati\u011fine y\u00f6nelik donan\u0131m\u0131 sa\u011flamak ama\u00e7lanmaktad\u0131r.[\/vc_column_text][\/vc_column][vc_column width=&#8221;1\/4&#8243;][codebean_images_grid image_1=&#8221;1218&#8243;][vc_column_text css_animation=&#8221;bottom-to-top&#8221;]<strong>COP3307 SAMSUNG<br \/>\n<\/strong><\/p>\n<p>\u201cDigital Marketing in Global World\u201d<\/p>\n<p><strong>\u00a0<\/strong>[\/vc_column_text][vc_column_text]Bu dersle \u00f6\u011frencilere, entegre pazarlama ileti\u015fimi stratejileri, hedef kitlenin belirlenmesi, kullan\u0131lan ara\u00e7lar, dijital pazarlama gibi kavramlar SAMSUNG \u00f6rne\u011finden yola \u00e7\u0131k\u0131larak anlat\u0131lmaktad\u0131r.[\/vc_column_text][\/vc_column][vc_column width=&#8221;1\/4&#8243;][codebean_images_grid image_1=&#8221;2253&#8243;][vc_column_text css_animation=&#8221;bottom-to-top&#8221;]<strong>COP4331 Taze Fikir<br \/>\n<\/strong><\/p>\n<p>\u201cSa\u011fl\u0131k \u0130leti\u015fimi\u201d<\/p>\n<p><strong>\u00a0<\/strong>[\/vc_column_text][vc_column_text css_animation=&#8221;bottom-to-top&#8221; css=&#8221;.vc_custom_1657279544070{margin-top: 0px !important;padding-top: 0px !important;}&#8221;]Bu ders sa\u011fl\u0131k ileti\u015fiminin temel kavramlar\u0131n\u0131 a\u00e7\u0131klayarak \u00f6\u011frencilere alan\u0131n disiplinler aras\u0131 \u00f6zelli\u011fine uygun bir yakla\u015f\u0131mla ilgili ileti\u015fim kampanyalar\u0131n\u0131 de\u011ferlendirme ve tasarlama becerisi kazand\u0131rmay\u0131 ama\u00e7lamaktad\u0131r.[\/vc_column_text][\/vc_column][vc_column width=&#8221;1\/4&#8243;][codebean_images_grid image_1=&#8221;2041&#8243;][vc_column_text css_animation=&#8221;bottom-to-top&#8221;]<strong>COP4420 Yenibir Lider Derne\u011fi<br \/>\n<\/strong><\/p>\n<p>\u201cAssociation Career Managing\u201d<\/p>\n<p><strong>\u00a0<\/strong>[\/vc_column_text][vc_column_text css_animation=&#8221;bottom-to-top&#8221; css=&#8221;.vc_custom_1657269632472{margin-top: 0px !important;padding-top: 0px !important;}&#8221;]Dersin amac\u0131, Bah\u00e7e\u015fehir \u00dcniversitesi \u00f6\u011frencileri i\u00e7in kariyer fark\u0131ndal\u0131\u011f\u0131 yaratmak ve \u00f6\u011frencilerin farkl\u0131-g\u00fcncel kariyer alternatifleri hakk\u0131nda bilgi sahibi olmas\u0131n\u0131 sa\u011flamak.[\/vc_column_text][\/vc_column][\/vc_row][vc_row][vc_column width=&#8221;1\/4&#8243;][codebean_images_grid image_1=&#8221;1461&#8243;][vc_column_text css_animation=&#8221;bottom-to-top&#8221;]<strong>COP4121 GAMA Enerji<br \/>\n<\/strong><\/p>\n<p>\u201cIntroduction to Energy Trading and Investment Decisions\u201d<\/p>\n<p><strong>\u00a0<\/strong>[\/vc_column_text][vc_column_text css_animation=&#8221;bottom-to-top&#8221; css=&#8221;.vc_custom_1657279634130{margin-top: 0px !important;padding-top: 0px !important;}&#8221;]Ders i\u00e7eri\u011fi, enerji piyasalar\u0131n\u0131n temel prensiplerini, T\u00fcrk Enerji \u015eirketleri ve ticari kollar\u0131n\u0131, enerji ticaretinin detaylar\u0131n\u0131 d\u00fcnyadan operasyonel \u00f6rnekler ile anlat\u0131m\u0131n\u0131 kapsar. Bunlar d\u0131\u015f\u0131nda dersin kapsam\u0131 finans\\ i\u015f geli\u015ftirme ve hukuk konular\u0131 ile desteklenecektir.[\/vc_column_text][\/vc_column][vc_column width=&#8221;1\/4&#8243;][codebean_images_grid image_1=&#8221;1451&#8243;][vc_column_text css_animation=&#8221;bottom-to-top&#8221;]<strong>COP4401 Schneider Electric<br \/>\n<\/strong><\/p>\n<p>&#8220;Energy Effiency &amp; Saving&#8221;<\/p>\n<p><strong>\u00a0<\/strong>[\/vc_column_text][vc_column_text css_animation=&#8221;bottom-to-top&#8221; css=&#8221;.vc_custom_1657279674627{margin-top: 0px !important;padding-top: 0px !important;}&#8221;]Bu dersin amac\u0131, Enerji verimlili\u011fi konseptinin anla\u015f\u0131lmas\u0131, enerji y\u00f6netimi teknolojileri ile mekanlardaki enerji verimlili\u011fi temelleri ve uygulamalar\u0131, elektrik enerjisi kalitesi ve \u00f6nemi, enerji y\u00f6netimi, izleme ve \u00f6l\u00e7me y\u00f6ntemleri ile enerji tasarrufu sa\u011flanmas\u0131 konusunda \u00f6\u011frencileri bilgilendirmektir.[\/vc_column_text][\/vc_column][vc_column width=&#8221;1\/4&#8243;][codebean_images_grid image_1=&#8221;1121&#8243;][vc_column_text css_animation=&#8221;bottom-to-top&#8221;]<strong>COP4409 SELCO<br \/>\n<\/strong><\/p>\n<p>&#8220;Supply Chain &amp; Logistics&#8221;<\/p>\n<p><strong>\u00a0<\/strong>[\/vc_column_text][vc_column_text css_animation=&#8221;bottom-to-top&#8221; css=&#8221;.vc_custom_1657279699419{margin-top: 0px !important;padding-top: 0px !important;}&#8221;]Tedarik zinciri y\u00f6netimi, kurumlar\u0131n finansal performans\u0131na do\u011frudan etki ederek, rekabet g\u00fcc\u00fcn\u00fc artt\u0131r\u0131r. Ders tedarik zinciri stratejileri, sat\u0131n alma, stok planlama, lojistik y\u00f6netimi, bilgi teknolojileri ve lojistik y\u00f6netimi gibi konular\u0131 kapsamaktad\u0131r.[\/vc_column_text][\/vc_column][vc_column width=&#8221;1\/4&#8243;][codebean_images_grid image_1=&#8221;1647&#8243;][vc_column_text css_animation=&#8221;bottom-to-top&#8221;]<strong>COP4413 Mercedes Benz<br \/>\n<\/strong><\/p>\n<p>&#8220;Commercial Vehicle Engineering&#8221;<\/p>\n<p><strong>\u00a0<\/strong>[\/vc_column_text][vc_column_text css_animation=&#8221;bottom-to-top&#8221; css=&#8221;.vc_custom_1657279729939{margin-top: 0px !important;padding-top: 0px !important;}&#8221;]Bu derste, Mercedes-Benz T\u00fcrk&#8217;te a\u011f\u0131r ticari ara\u00e7 m\u00fchendisli\u011fi esaslar\u0131, sistemleri ve bile\u015fenleri, y\u00f6ntemleri ve s\u00fcre\u00e7leri aktar\u0131lacakt\u0131r.[\/vc_column_text][\/vc_column][\/vc_row][vc_row][vc_column width=&#8221;1\/4&#8243;][codebean_images_grid image_1=&#8221;1649&#8243;][vc_column_text css_animation=&#8221;bottom-to-top&#8221;]<strong>COP4419 Wissen Akademi<\/strong><\/p>\n<p>&#8220;Network Systems Engineering&#8221;<\/p>\n<p><strong>\u00a0<\/strong>[\/vc_column_text][vc_column_text css_animation=&#8221;bottom-to-top&#8221; css=&#8221;.vc_custom_1657279774979{margin-top: 0px !important;padding-top: 0px !important;}&#8221;]Bu dersle \u00f6\u011frenciler, bilgisayar a\u011flar\u0131n\u0131 tan\u0131yabilecek, a\u011flarda kullan\u0131lan kablo \u00e7e\u015fitleri ve \u00f6zelliklerini tan\u0131yabilecek, bilgisayar a\u011flar\u0131nda kullan\u0131lan donan\u0131m birimlerini tan\u0131y\u0131p a\u011f ba\u011flant\u0131lar\u0131n\u0131 yapabilecek ve a\u011f protokollerini kavrayabilecektir.[\/vc_column_text][\/vc_column][vc_column width=&#8221;1\/4&#8243;][codebean_images_grid][vc_column_text css_animation=&#8221;bottom-to-top&#8221;]<strong>COP4428 Trendyol<\/strong><\/p>\n<p>&#8220;Introductin to Software Testing&#8221;<\/p>\n<p><strong>\u00a0<\/strong>[\/vc_column_text][vc_column_text css_animation=&#8221;bottom-to-top&#8221; css=&#8221;.vc_custom_1657279802564{margin-top: 0px !important;padding-top: 0px !important;}&#8221;]Bu derste yaz\u0131l\u0131m testinde \u00e7evik metodlar\u0131n nas\u0131l kullan\u0131ld\u0131\u011f\u0131, Yaz\u0131l\u0131m geli\u015ftirme ya\u015fam d\u00f6ng\u00fcs\u00fcnde test ad\u0131m\u0131n\u0131n nas\u0131l i\u015flendi\u011fi, Test otomasyon s\u00fcre\u00e7leri ve nas\u0131l i\u015fledi\u011fi, Selenium frameworku ile test otomasyon s\u00fcre\u00e7lerinden nas\u0131l yarar sa\u011fland\u0131\u011f\u0131 ve s\u00fcrekli entegrasyon ile testlerin otomatize edilmesi gibi konular aktar\u0131lacakt\u0131r.[\/vc_column_text][\/vc_column][vc_column width=&#8221;1\/4&#8243;][codebean_images_grid image_1=&#8221;1067&#8243;][vc_column_text css_animation=&#8221;bottom-to-top&#8221;]<strong>COP4435 SAMSUNG<br \/>\n<\/strong><\/p>\n<p>\u201cDeveloping Applications for Android Devices\u201d<\/p>\n<p><strong>\u00a0<\/strong>[\/vc_column_text][vc_column_text css_animation=&#8221;bottom-to-top&#8221; css=&#8221;.vc_custom_1657279838698{margin-top: 0px !important;padding-top: 0px !important;}&#8221;]Bu derse kat\u0131lanlar, Android platformu i\u00e7in \u00f6zel ve anlaml\u0131 mobil uygulamalar geli\u015ftirebilecekler.[\/vc_column_text][\/vc_column][vc_column width=&#8221;1\/4&#8243;][codebean_images_grid image_1=&#8221;1510&#8243;][vc_column_text css_animation=&#8221;bottom-to-top&#8221;]<strong>COP4451 Wissen Akademi<br \/>\n<\/strong><\/p>\n<p>&#8220;Cloud Computing &amp; Its Applications&#8221;<\/p>\n<p><strong>\u00a0<\/strong>[\/vc_column_text][vc_column_text css_animation=&#8221;bottom-to-top&#8221; css=&#8221;.vc_custom_1657279875764{margin-top: 0px !important;padding-top: 0px !important;}&#8221;]Cloud Computing, bilgisayar sistemleri evriminin bir sonraki a\u015famas\u0131d\u0131r. Cloud Computing; bilgisayar uygulamalar\u0131 ve veriyi istedi\u011fi zaman ve istedi\u011fi yerde ihtiyac\u0131 olan herkese g\u00f6nderebilen ara\u00e7lar\u0131 sa\u011flar. Bu derste, \u00f6\u011frenciler cloud computing ve ili\u015fkili teknolojilerin temelleri konular\u0131n\u0131 \u00f6\u011freneceklerdir.[\/vc_column_text][\/vc_column][\/vc_row][vc_row][vc_column width=&#8221;1\/4&#8243;][codebean_images_grid image_1=&#8221;1655&#8243;][vc_column_text css_animation=&#8221;bottom-to-top&#8221;]<strong>COP4461 NETA\u015e<br \/>\n<\/strong><\/p>\n<p>&#8220;Agile Project Management&#8221;<\/p>\n<p><strong>\u00a0<\/strong>[\/vc_column_text][vc_column_text css_animation=&#8221;bottom-to-top&#8221; css=&#8221;.vc_custom_1657279947735{margin-top: 0px !important;padding-top: 0px !important;}&#8221;]\u00c7evik proje y\u00f6netimi konular\u0131 derste ele al\u0131nacakt\u0131r. Dersin ama\u00e7lar\u0131 aras\u0131nda \u015funlar say\u0131labilir: \u00c7evik proje y\u00f6netiminin temellerini \u00f6\u011frenmek ve ger\u00e7ek hayattaki kullan\u0131mlar\u0131 ile ilgili bilgi sahibi olmak, \u00f6rnek grup \u00e7al\u0131\u015fmalar\u0131 ile \u00e7evik proje y\u00f6netimini \u00f6rnekleyebilmek.[\/vc_column_text][\/vc_column][vc_column width=&#8221;1\/4&#8243;][codebean_images_grid image_1=&#8221;1195&#8243;][vc_column_text css_animation=&#8221;bottom-to-top&#8221;]<strong>COP4472 Wissen Akademi<br \/>\n<\/strong><\/p>\n<p>&#8220;IOT and Industry 4.0 Framework&#8221;<\/p>\n<p><strong>\u00a0<\/strong>[\/vc_column_text][vc_column_text css_animation=&#8221;bottom-to-top&#8221; css=&#8221;.vc_custom_1657279986741{margin-top: 0px !important;padding-top: 0px !important;}&#8221;]End\u00fcstri 4.0 ve IOT, kat\u0131l\u0131mc\u0131lara yeni devrimin temel tasar\u0131m ilkeleri ve bile\u015fenleri, anahtar zorluklar\u0131 ve uygulaman\u0131n t\u00fcm de\u011fer zinciri i\u00e7in yeni potansiyel f\u0131rsatlar hakk\u0131nda bilgi vermek \u00fczere tasarlanm\u0131\u015f bir programd\u0131r. Mevcut sanayi ortam\u0131nda, en d\u00fc\u015f\u00fck maliyetle en \u00fcst d\u00fczey kaliteli hizmet veya \u00fcr\u00fcn\u00fc sunmak ba\u015far\u0131ya ula\u015fman\u0131n anahtar\u0131d\u0131r ve sanayi fabrikalar\u0131, k\u00e2rlar\u0131n\u0131 ve itibarlar\u0131n\u0131 art\u0131rmak i\u00e7in m\u00fcmk\u00fcn oldu\u011funca \u00e7ok performans elde etmeye \u00e7al\u0131\u015fmaktad\u0131r.[\/vc_column_text][\/vc_column][vc_column width=&#8221;1\/4&#8243;][codebean_images_grid image_1=&#8221;1666&#8243;][vc_column_text css_animation=&#8221;bottom-to-top&#8221;]<strong>COP4473 Dinamo Co- PPPCOE<br \/>\n<\/strong><\/p>\n<p>&#8220;Mega Projects&#8221;<\/p>\n<p><strong>\u00a0<\/strong>[\/vc_column_text][vc_column_text]Bu derste, \u00f6z\u00fcnde yeni olmayan ancak de\u011fi\u015fen ekonomik ve y\u00f6netim s\u00fcre\u00e7leri ile yeni bir i\u015fleyi\u015f ve yap\u0131 kazanan, kamu- \u00f6zel sekt\u00f6r i\u015fbirli\u011finin, hem merkezi h\u00fck\u00fcmet hem de t\u00fcm yerel y\u00f6netimlerce en uygun \u015fartlarda uygulamalar\u0131n\u0131n tespiti ele al\u0131nacakt\u0131r.[\/vc_column_text][\/vc_column][vc_column width=&#8221;1\/4&#8243;][codebean_images_grid image_1=&#8221;1194&#8243;][vc_column_text css_animation=&#8221;bottom-to-top&#8221;]<strong>COP4498 Akenerji<br \/>\n<\/strong><\/p>\n<p>\u201cPower Plant Operation and Management\u201d<\/p>\n<p><strong>\u00a0<\/strong>[\/vc_column_text][vc_column_text css_animation=&#8221;bottom-to-top&#8221; css=&#8221;.vc_custom_1657280041420{margin-top: 0px !important;padding-top: 0px !important;}&#8221;]Dersin amac\u0131; Enerji \u00fcretimi, ticareti ve finansman\u0131n\u0131n genel \u00e7er\u00e7evesini \u00e7izmek, kapsaml\u0131 olarak k\u00fcresel e\u011filimleri ve bunlar\u0131n enerji piyasas\u0131na etkisini incelemek.[\/vc_column_text][\/vc_column][\/vc_row][vc_row][vc_column width=&#8221;1\/4&#8243;][codebean_images_grid image_1=&#8221;1206&#8243;][vc_column_text css_animation=&#8221;bottom-to-top&#8221;]<strong>COP3423 Marketerstech<br \/>\n<\/strong><\/p>\n<p>\u201cMarketing with New Generation Technologies at DigitalAge \u201d<\/p>\n<p><strong>\u00a0<\/strong>[\/vc_column_text][vc_column_text css_animation=&#8221;bottom-to-top&#8221; css=&#8221;.vc_custom_1657280075142{margin-top: 0px !important;padding-top: 0px !important;}&#8221;]Dersin amac\u0131, dijital \u00e7a\u011fda yeni nesil teknolojilerin tan\u0131t\u0131m\u0131, gelecek d\u00f6nem i\u015f d\u00fcnyas\u0131 \u00fczerindeki etkisinin kavranmas\u0131n\u0131 sa\u011flamak. Ayr\u0131ca Teoride \u00f6\u011frenilen bilgilerin, pazarlama profesyonellerine \u00f6zel yaz\u0131lm\u0131\u015f &#8220;Pazarlama Platformunda&#8221; sim\u00fclasyon ortam\u0131nda deneyimlemesini ve b\u00f6ylece teorideki pazarlama teknolojilerinin pratikte kullan\u0131larak peki\u015ftirilmesine katk\u0131 sa\u011flayarak, mezuniyet d\u00f6nemi sonras\u0131na haz\u0131rl\u0131k yapmak.[\/vc_column_text][\/vc_column][vc_column width=&#8221;1\/4&#8243;][codebean_images_grid image_1=&#8221;1194&#8243;][vc_column_text css_animation=&#8221;bottom-to-top&#8221;]<strong>COP4417 Anadolu Isuzu<br \/>\n<\/strong><\/p>\n<p>&#8220;Technological Approaches in Automotive with Anadolu Isuzu&#8221;<\/p>\n<p><strong>\u00a0<\/strong>[\/vc_column_text][vc_column_text]Bu dersle \u00f6\u011frenciler,\u00a0 bir otomotiv firmas\u0131n\u0131n t\u00fcm s\u00fcre\u00e7leri hakk\u0131nda bilgi sahibi olacakt\u0131r. Bununla birlikte meslek ya\u015famlar\u0131nda ald\u0131klar\u0131 temel m\u00fchendislik e\u011fitimlerini hangi alanlarda nas\u0131l kullanabileceklerini veya hangi alanlarda geli\u015fim alanlar\u0131 bulundu\u011fu hakk\u0131nda bilgi sahibi olacak, hangi uygulamalar\u0131n kullan\u0131ld\u0131\u011f\u0131na dair \u00f6rneklerle bilgilerini zenginle\u015ftireceklerdir.[\/vc_column_text][\/vc_column][vc_column width=&#8221;1\/4&#8243;][codebean_images_grid image_1=&#8221;1510&#8243;][vc_column_text css_animation=&#8221;bottom-to-top&#8221;]<strong>COP4421 FANUC<\/strong><\/p>\n<p>\u201cRobotics and Automation Technologies&#8221;<\/p>\n<p><strong>\u00a0<\/strong>[\/vc_column_text][vc_column_text]Bu derste, end\u00fcstriyel robotlar\u0131n yap\u0131s\u0131 ve \u00e7al\u0131\u015fma mant\u0131\u011f\u0131, robotlar\u0131n uygulama tiplerine g\u00f6re se\u00e7im kriterleri, robotlar \u00fczerindeki koordinat sistemleri ve kullan\u0131m alanlar\u0131, end\u00fcstriyel robotlar\u0131n programlanmas\u0131, robotlar\u0131n di\u011fer \u00e7evre birim ekipmanlar\u0131 ile haberle\u015ftirilmesi (plc, makine, sens\u00f6r vb), offline robot programlama i\u015flemleri ve faydalar\u0131 anlat\u0131lacakt\u0131r.[\/vc_column_text][\/vc_column][vc_column width=&#8221;1\/4&#8243;][codebean_images_grid image_1=&#8221;2257&#8243;][vc_column_text css_animation=&#8221;bottom-to-top&#8221;]<strong>COP4423 HUAWEI<br \/>\n<\/strong><\/p>\n<p>\u201cMobile Application Development with Huawei Mobile Services&#8221;<\/p>\n<p><strong>\u00a0<\/strong>[\/vc_column_text][vc_column_text css_animation=&#8221;bottom-to-top&#8221; css=&#8221;.vc_custom_1657268401631{margin-top: 0px !important;padding-top: 0px !important;}&#8221;]\u00c7okluortam ileti\u015fimi ve temel a\u011f yap\u0131s\u0131nda kullan\u0131lan esas teknolojiler bu derste ele al\u0131nacakt\u0131r. \u00c7okluortam uygulamalar\u0131n\u0131n ana konseptlerini, ara\u00e7lar\u0131n\u0131, tekniklerini ve metotlar\u0131n\u0131 \u00f6\u011frenmek; ger\u00e7ek \u00e7oklu ortam sistemleri ve uygulamalar\u0131n\u0131 tan\u0131tarak, ger\u00e7ek uygulamalar ile teorik anlama aras\u0131ndaki ili\u015fkinin vurgulanmas\u0131; ses ve video ortamlar\u0131nda say\u0131sal g\u00f6sterim ve veri iletimi ile ilgili genel bilgi sahibi olmak; temel a\u011f yap\u0131s\u0131 konusunda genel bilgi sahibi olmak.[\/vc_column_text][\/vc_column][\/vc_row][vc_row][vc_column][vc_empty_space height=&#8221;100px&#8221;][\/vc_column][\/vc_row][vc_row][vc_column][\/vc_column][\/vc_row]<\/p>\n<\/div>","protected":false},"excerpt":{"rendered":"<p>[vc_row][vc_column][vc_empty_space height=&#8221;100px&#8221;][\/vc_column][\/vc_row][vc_row][vc_column width=&#8221;1\/4&#8243;][codebean_images_grid image_1=&#8221;2281&#8243;][vc_column_text css_animation=&#8221;bottom-to-top&#8221;]COP4115 I.P.I &#8220;Introduction to Psychodrama Group Psychotherapy&#8221;[\/vc_column_text][vc_column_text css_animation=&#8221;bottom-to-top&#8221; css=&#8221;.vc_custom_1657279278754{margin-top: 0px !important;padding-top: 0px !important;}&#8221;]Bu derste, Psikodraman\u0131n Tarih\u00e7esi, Psikodramada Is\u0131nma ve Kohezyonun \u00d6nemi, Psikodrama \u00e7al\u0131\u015fma a\u015famas\u0131 ve \u00e7al\u0131\u015fma bi\u00e7imleri, Psikodramada payla\u015f\u0131m a\u015famas\u0131 ve payla\u015f\u0131m bi\u00e7imleri, Psikodraman\u0131n Temel kavramlar\u0131nda Spontanite ve Yarat\u0131c\u0131l\u0131k, Psikodraman\u0131n Unsurlar\u0131, Psikodraman\u0131n Temel Tekniklerinden E\u015fleme, Rol De\u011fi\u015ftirme, Ayna, Sosyal Atom, Psikodraman\u0131n<\/p>\n","protected":false},"author":1,"featured_media":0,"parent":0,"menu_order":0,"comment_status":"closed","ping_status":"closed","template":"","meta":{"footnotes":""},"class_list":["post-2463","page","type-page","status-publish","hentry"],"_links":{"self":[{"href":"https:\/\/coop.bau.edu.tr\/en\/wp-json\/wp\/v2\/pages\/2463","targetHints":{"allow":["GET"]}}],"collection":[{"href":"https:\/\/coop.bau.edu.tr\/en\/wp-json\/wp\/v2\/pages"}],"about":[{"href":"https:\/\/coop.bau.edu.tr\/en\/wp-json\/wp\/v2\/types\/page"}],"author":[{"embeddable":true,"href":"https:\/\/coop.bau.edu.tr\/en\/wp-json\/wp\/v2\/users\/1"}],"replies":[{"embeddable":true,"href":"https:\/\/coop.bau.edu.tr\/en\/wp-json\/wp\/v2\/comments?post=2463"}],"version-history":[{"count":1,"href":"https:\/\/coop.bau.edu.tr\/en\/wp-json\/wp\/v2\/pages\/2463\/revisions"}],"predecessor-version":[{"id":2464,"href":"https:\/\/coop.bau.edu.tr\/en\/wp-json\/wp\/v2\/pages\/2463\/revisions\/2464"}],"wp:attachment":[{"href":"https:\/\/coop.bau.edu.tr\/en\/wp-json\/wp\/v2\/media?parent=2463"}],"curies":[{"name":"wp","href":"https:\/\/api.w.org\/{rel}","templated":true}]}}