{"id":2266,"date":"2020-10-07T11:11:16","date_gmt":"2020-10-07T08:11:16","guid":{"rendered":"http:\/\/coop.bau.edu.tr\/2020-2021-bahar-yariyili-markali-dersler\/"},"modified":"2020-10-07T11:26:30","modified_gmt":"2020-10-07T08:26:30","slug":"2020-2021-fall-semester-branded-course-list","status":"publish","type":"page","link":"https:\/\/coop.bau.edu.tr\/en\/2020-2021-fall-semester-branded-course-list\/","title":{"rendered":"2020-2021 Fall Semester Branded Course List"},"content":{"rendered":"<div class=\"wpb-content-wrapper\"><p>[vc_row][vc_column][vc_empty_space height=&#8221;100px&#8221;][\/vc_column][\/vc_row][vc_row][vc_column width=&#8221;1\/4&#8243;][vc_single_image image=&#8221;1439&#8243; img_size=&#8221;medium&#8221; alignment=&#8221;center&#8221;][vc_column_text css_animation=&#8221;bottom-to-top&#8221;]<strong>COP4115 I.P.I<\/strong><\/p>\n<p>&#8220;Introduction to Psychodrama Group Psychotherapy&#8221;[\/vc_column_text][vc_column_text css_animation=&#8221;bottom-to-top&#8221; css=&#8221;.vc_custom_1602058772312{margin-top: 0px !important;padding-top: 0px !important;}&#8221;]To learn, History of Psychodrama, the importance of warm-up and cohension in psychodrama, working stage and formats in Psychodrama, sharing stage and formats in psychodrama, basic concept of spontaneity and creativity in psychodrama, elements of psychodrama, matching, role change and mirror as a basic technique of psychodrama, Social atom, application areas of psychodrama, termination and ending in psychodrama[\/vc_column_text][\/vc_column][vc_column width=&#8221;1\/4&#8243;][vc_single_image image=&#8221;1054&#8243; img_size=&#8221;medium&#8221; alignment=&#8221;center&#8221;][vc_column_text]<strong>COP4201 Anadolu Sigorta<\/strong><\/p>\n<p>&#8220;Insurance Management[\/vc_column_text][vc_column_text]This course aims to provide students with basic insurance, insurance law, beyond theoretical knowledge about insurance applications and insurance business in Turkey to introduce the applications will encounter in life.[\/vc_column_text][\/vc_column][vc_column width=&#8221;1\/4&#8243;][vc_single_image image=&#8221;1218&#8243; img_size=&#8221;medium&#8221; alignment=&#8221;center&#8221;][vc_column_text]<strong>COP4203 Denizbank<\/strong><\/p>\n<p><strong>&#8220;Banking Practice&#8221;<\/strong>[\/vc_column_text][vc_column_text]The aim of this course is to introduce students to the applications in business life beyond theoretical knowledge about \u201cLaw\u201d, \u201cRisk Management\u201d, \u201cCredit Process\u201d and \u201cTreasury ta in Banking.[\/vc_column_text][\/vc_column][vc_column width=&#8221;1\/4&#8243;][vc_single_image image=&#8221;2253&#8243; img_size=&#8221;medium&#8221; alignment=&#8221;center&#8221;][vc_column_text]<strong>COP4212 Mikro Yaz\u0131l\u0131m<\/strong><\/p>\n<p><strong>\u201cApplied Accounting\u201d<\/strong>[\/vc_column_text][vc_column_text]The purpose of this course is to teach students recording and reporting system of accounting applying the basic accounting principles and evaluation methods in accordance with the Turkish uniform accounting chart in an electronic environment.[\/vc_column_text][\/vc_column][\/vc_row][vc_row][vc_column width=&#8221;1\/4&#8243;][vc_single_image image=&#8221;1461&#8243; img_size=&#8221;medium&#8221; alignment=&#8221;center&#8221;][vc_column_text css_animation=&#8221;bottom-to-top&#8221;]<strong>COP4215 Kuveyt T\u00fcrk<\/strong><\/p>\n<p><strong>&#8220;Participation Banking&#8221;<\/strong>[\/vc_column_text][vc_column_text]This course, students will be able to have knowledge about interest structure and other transactions in participation banking and Islamic banking.[\/vc_column_text][\/vc_column][vc_column width=&#8221;1\/4&#8243;][vc_single_image image=&#8221;1647&#8243; img_size=&#8221;medium&#8221; alignment=&#8221;center&#8221;][vc_column_text css_animation=&#8221;bottom-to-top&#8221;]<strong>COP4221 PWC<\/strong><\/p>\n<p><strong>\u201cTaxation of International Trade\u201d<\/strong>[\/vc_column_text][vc_column_text]This course is designed to provide an introduction to principles, procedures and practices about the taxation and customs aspects of international trade. The objectives include principles and practices used by taxpayers and occupied with import and export activities. Special emphasis is given on laws related to taxation and agreements\/ cumulation group which facilitated international trade. This course will be supported by technological developments available for gathering, summarizing, analyzing and interpreting the data presented in Corporate tax, VAT, Indirect Tax and other information related with international taxation. Also it emphasizes ethical and legal aspects and considerations.[\/vc_column_text][\/vc_column][vc_column width=&#8221;1\/4&#8243;][vc_single_image image=&#8221;1067&#8243; img_size=&#8221;medium&#8221; alignment=&#8221;center&#8221;][vc_column_text css_animation=&#8221;bottom-to-top&#8221;]<strong>COP4301 Bersay \u0130leti\u015fim Enstit\u00fcs\u00fc<\/strong><\/p>\n<p><strong>&#8220;Proficiency Communication&#8221;<\/strong>[\/vc_column_text][vc_column_text css_animation=&#8221;bottom-to-top&#8221; css=&#8221;.vc_custom_1602058858230{margin-top: 0px !important;padding-top: 0px !important;}&#8221;]With this course, it is aimed to provide students, communication sector employees, professional support from the communication sector and young communicator candidates to understand communication correctly, to read and to do more effective individual, corporate and mass communication studies, to provide the intellectual depth and business practice they need.[\/vc_column_text][\/vc_column][vc_column width=&#8221;1\/4&#8243;][vc_single_image image=&#8221;2255&#8243; img_size=&#8221;medium&#8221; alignment=&#8221;center&#8221;][vc_column_text css_animation=&#8221;bottom-to-top&#8221;]<strong>COP4332 SONY<\/strong><\/p>\n<p><strong>\u201cVideo Technologies and Digital Imaging<\/strong>[\/vc_column_text][vc_column_text css_animation=&#8221;bottom-to-top&#8221; css=&#8221;.vc_custom_1602058870343{margin-top: 0px !important;padding-top: 0px !important;}&#8221;]In this course, all approaches from corporate understanding to market perspective and marketing strategies are conveyed to students with relevant department managers and Sony brand ambassadors.[\/vc_column_text][\/vc_column][\/vc_row][vc_row][vc_column width=&#8221;1\/4&#8243;][vc_single_image image=&#8221;1655&#8243; img_size=&#8221;medium&#8221; alignment=&#8221;center&#8221;][vc_column_text css_animation=&#8221;bottom-to-top&#8221;]<strong>COP4121 GAMA Enerji<\/strong><\/p>\n<p><strong>\u201cIntroduction to Energy Trading and Investment Decisions\u201d<\/strong>[\/vc_column_text][vc_column_text css_animation=&#8221;bottom-to-top&#8221; css=&#8221;.vc_custom_1602058889470{margin-top: 0px !important;padding-top: 0px !important;}&#8221;]The course content includes the fundamentals of energy markets and energy trading including the operational examples and details from world examples and Turkish Energy Companies with commercial arms. On the top of that the operations, finance and business development functions are supporting the content.[\/vc_column_text][\/vc_column][vc_column width=&#8221;1\/4&#8243;][vc_single_image image=&#8221;1195&#8243; img_size=&#8221;medium&#8221; alignment=&#8221;center&#8221;][vc_column_text css_animation=&#8221;bottom-to-top&#8221;]<strong>COP4401 Schneider Electric<\/strong><\/p>\n<p><strong>&#8220;Energy Effiency &amp; Saving&#8221;<\/strong>[\/vc_column_text][vc_column_text css_animation=&#8221;bottom-to-top&#8221; css=&#8221;.vc_custom_1602058899557{margin-top: 0px !important;padding-top: 0px !important;}&#8221;]Understanding the main concepts of energy efficiency. Basics and applications of electrical energy efficiency with energy management technologies in both residential and industrial buildings. Importance and basics of electrical energy quality. Providing energy efficiency and savings with energy management, tariff management, monitoring, and measurement.[\/vc_column_text][\/vc_column][vc_column width=&#8221;1\/4&#8243;][vc_single_image image=&#8221;1194&#8243; img_size=&#8221;medium&#8221; alignment=&#8221;center&#8221;][vc_column_text css_animation=&#8221;bottom-to-top&#8221;]<strong>COP4409 SELCO<\/strong><\/p>\n<p><strong>&#8220;Supply Chain &amp; Logistics&#8221;<\/strong>[\/vc_column_text][vc_column_text css_animation=&#8221;bottom-to-top&#8221; css=&#8221;.vc_custom_1602058911440{margin-top: 0px !important;padding-top: 0px !important;}&#8221;]Supply chain management increases the competitiveness by directly affecting the financial performance of the institutions. The course covers topics such as supply chain strategies, procurement, inventory planning, logistics management, information technology and logistics management.[\/vc_column_text][\/vc_column][vc_column width=&#8221;1\/4&#8243;][vc_single_image image=&#8221;1206&#8243; img_size=&#8221;medium&#8221; alignment=&#8221;center&#8221;][vc_column_text css_animation=&#8221;bottom-to-top&#8221;]<strong>COP4413 Mercedes Benz<\/strong><\/p>\n<p><strong>&#8220;Commercial Vehicle Engineering&#8221;<\/strong>[\/vc_column_text][vc_column_text css_animation=&#8221;bottom-to-top&#8221; css=&#8221;.vc_custom_1602058923383{margin-top: 0px !important;padding-top: 0px !important;}&#8221;]In this course, fundamentals, systems and components, methods and processes of commercial vehicle engineering at Mercedes-Benz T\u00fcrk will be introduced.[\/vc_column_text][\/vc_column][\/vc_row][vc_row][vc_column width=&#8221;1\/4&#8243;][vc_single_image image=&#8221;1293&#8243; img_size=&#8221;medium&#8221; alignment=&#8221;center&#8221;][vc_column_text css_animation=&#8221;bottom-to-top&#8221;]<strong>COP4419 Wissen Akademi<\/strong><\/p>\n<p><strong>&#8220;Network Systems Engineering&#8221;<\/strong>[\/vc_column_text][vc_column_text css_animation=&#8221;bottom-to-top&#8221; css=&#8221;.vc_custom_1602058985363{margin-top: 0px !important;padding-top: 0px !important;}&#8221;]With this course, students will be able to recognize computer networks, recognize the types and characteristics of cables used in networks, recognize hardware units used in computer networks, make network connections, and understand network protocols[\/vc_column_text][\/vc_column][vc_column width=&#8221;1\/4&#8243;][vc_single_image image=&#8221;2257&#8243; img_size=&#8221;medium&#8221; alignment=&#8221;center&#8221;][vc_column_text css_animation=&#8221;bottom-to-top&#8221;]<strong>COP4428 Trendyol<\/strong><\/p>\n<p><strong>&#8220;Introductin to Software Testing&#8221;<\/strong>[\/vc_column_text][vc_column_text css_animation=&#8221;bottom-to-top&#8221; css=&#8221;.vc_custom_1602058996611{margin-top: 0px !important;padding-top: 0px !important;}&#8221;]How to use agile methods in software testings, the testing step in software development lifecycle, test automation processes and how they work, how to take advantages of Selenium in test autmoation processes and automate test suits with continuous integration.[\/vc_column_text][\/vc_column][vc_column width=&#8221;1\/4&#8243;][vc_single_image image=&#8221;1486&#8243; img_size=&#8221;medium&#8221; alignment=&#8221;center&#8221;][vc_column_text css_animation=&#8221;bottom-to-top&#8221;]<strong>COP4430 NOKIA<\/strong><\/p>\n<p><strong>&#8220;Large Scale E2E Projects Implementation&#8221;<\/strong>[\/vc_column_text][vc_column_text css_animation=&#8221;bottom-to-top&#8221; css=&#8221;.vc_custom_1602059007264{margin-top: 0px !important;padding-top: 0px !important;}&#8221;]In this course, how to implement large-scale E2E projects, sales principles, financial and technology management issues will be elaborated.[\/vc_column_text][\/vc_column][vc_column width=&#8221;1\/4&#8243;][vc_single_image image=&#8221;1193&#8243; img_size=&#8221;medium&#8221; alignment=&#8221;center&#8221;][vc_column_text css_animation=&#8221;bottom-to-top&#8221;]<strong>COP4435 \u2013 SAMSUNG<\/strong><\/p>\n<p><strong>\u201cDeveloping Applications for Android Devices\u201d<\/strong>[\/vc_column_text][vc_column_text css_animation=&#8221;bottom-to-top&#8221; css=&#8221;.vc_custom_1602059028468{margin-top: 0px !important;padding-top: 0px !important;}&#8221;]This Course studenst will be able to develop custom and meaningful mobile applications for the Android platform.[\/vc_column_text][\/vc_column][\/vc_row][vc_row][vc_column width=&#8221;1\/4&#8243;][vc_single_image image=&#8221;1293&#8243; img_size=&#8221;medium&#8221; alignment=&#8221;center&#8221;][vc_column_text css_animation=&#8221;bottom-to-top&#8221;]<strong>COP4451 Wissen Akademi<\/strong><\/p>\n<p><strong>&#8220;Cloud Computing &amp; Its Applications&#8221;<\/strong>[\/vc_column_text][vc_column_text css_animation=&#8221;bottom-to-top&#8221; css=&#8221;.vc_custom_1602059051531{margin-top: 0px !important;padding-top: 0px !important;}&#8221;]Cloud computing is the next stage in the computer systems\u2019 evolution, providing the means through which computer applications and data can be delivered to everyone as a service wherever and whenever they need. In this course, the students will be exposed to the fundamentals of cloud computing and associated technologies.[\/vc_column_text][\/vc_column][vc_column width=&#8221;1\/4&#8243;][vc_single_image image=&#8221;1482&#8243; img_size=&#8221;medium&#8221; alignment=&#8221;center&#8221;][vc_column_text css_animation=&#8221;bottom-to-top&#8221;]<strong>COP4461 NETA\u015e<\/strong><\/p>\n<p><strong>&#8220;Agile Project Management&#8221;<\/strong>[\/vc_column_text][vc_column_text]This course will cover different types of Agile Project management technics. Course objectives can be listed as: Learning fundemantals of Agile project management, general knowledge on agile project management real-life examples with group case activities.[\/vc_column_text][\/vc_column][vc_column width=&#8221;1\/4&#8243;][vc_single_image image=&#8221;1293&#8243; img_size=&#8221;medium&#8221; alignment=&#8221;center&#8221;][vc_column_text css_animation=&#8221;bottom-to-top&#8221;]<strong>COP4472 Wissen Akademi<\/strong><\/p>\n<p><strong>&#8220;IOT and Industry 4.0 Framework&#8221;<\/strong>[\/vc_column_text][vc_column_text css_animation=&#8221;bottom-to-top&#8221; css=&#8221;.vc_custom_1602059074978{margin-top: 0px !important;padding-top: 0px !important;}&#8221;]Industrie 4.0 is a program designed to introduce to the participants about the key design principles and components of the new revolution, its key challenges, and the new potential opportunities for the entire value chain of the implementation. In the current industry environment, providing high-end quality service or product with the least cost is the key to success and industrial factories are trying to achieve as much performance as possible to increase their profit as well as their reputation.[\/vc_column_text][\/vc_column][vc_column width=&#8221;1\/4&#8243;][vc_single_image image=&#8221;2259&#8243; img_size=&#8221;medium&#8221; alignment=&#8221;center&#8221;][vc_column_text css_animation=&#8221;bottom-to-top&#8221;]<strong>COP4473 Dinamo Co- PPPCOE<\/strong><\/p>\n<p><strong>&#8220;Mega Projects&#8221;<\/strong>[\/vc_column_text][vc_column_text]As a result, in this course, applications of the public-private partnership practices in developing and constantly in need of investment growing countries by both the central government and all local governments in optimal conditions will be determined. PPP in essence is not new but gains a new functioning and structure with changing economic and management processes winning sector cooperation.[\/vc_column_text][\/vc_column][\/vc_row][vc_row][vc_column width=&#8221;1\/4&#8243;][vc_single_image image=&#8221;2261&#8243; img_size=&#8221;medium&#8221; alignment=&#8221;center&#8221;][vc_column_text css_animation=&#8221;bottom-to-top&#8221;]<strong>COP4498 Akenerji<\/strong><\/p>\n<p><strong>\u201cPower Plant Operation and Management\u201d<\/strong>[\/vc_column_text][vc_column_text]To provide a comprehensive introduction of energy, energy markets and energy trading from the first principles of exploration all the way to deal structuring.[\/vc_column_text][vc_column_text][\/vc_column_text][\/vc_column][vc_column width=&#8221;1\/4&#8243;][vc_single_image image=&#8221;1081&#8243; img_size=&#8221;medium&#8221; alignment=&#8221;center&#8221;][vc_column_text css_animation=&#8221;bottom-to-top&#8221;]<strong>COP4405 DO\u011eA<\/strong><\/p>\n<p><strong>\u201cHealth, Safety and Environment Management\u201d<\/strong>[\/vc_column_text][vc_column_text]A great introductory health, safety and environment management course which covers the basics in a high impact interactive package. Designed to help all students effectively manage their teams\u2019 health, safety and environment, to identify responsibilities to implement defined strategies for institutions, to develop management performance and to get necessary skills to ensure integration, to focus on international best practices.[\/vc_column_text][\/vc_column][vc_column width=&#8221;1\/4&#8243;][vc_single_image image=&#8221;2263&#8243; img_size=&#8221;medium&#8221; alignment=&#8221;center&#8221;][vc_column_text css_animation=&#8221;bottom-to-top&#8221;]<strong>COP4903 P&amp;G<\/strong><\/p>\n<p><strong>\u201cOmnichannel Marketing Strategies\u201d<\/strong>[\/vc_column_text][vc_column_text]The objective of the lesson is to explain the key dynamics of omnichannel marketing and business management. The objective is to explain how to create a seamless shopping journey by combine the offline and online experiences.[\/vc_column_text][\/vc_column][vc_column width=&#8221;1\/4&#8243;][vc_single_image image=&#8221;1582&#8243; img_size=&#8221;medium&#8221; alignment=&#8221;center&#8221;][vc_column_text css_animation=&#8221;bottom-to-top&#8221;]<strong>COP3231 Do\u011fu\u015f Teknoloji<\/strong><\/p>\n<p><strong>\u201cIntroduction to Machine Learning\u201d<\/strong>[\/vc_column_text][vc_column_text]In addition to the new developments and applications in the field of Machine Learning, they will introduce the participants to basic principles and concepts. They will provide a solid foundation in the mathematical and statistical issues required to solve Machine Learning Problems. They will also comprehend the basic information about Python Machine Learning libraries by using some of the libraries in python (NumPy, SciPy, Pandas, Matplotlib, Scikit-learn).[\/vc_column_text][\/vc_column][\/vc_row][vc_row][vc_column][vc_empty_space height=&#8221;100px&#8221;][\/vc_column][\/vc_row][vc_row][vc_column][\/vc_column][\/vc_row]<\/p>\n<\/div>","protected":false},"excerpt":{"rendered":"<p>[vc_row][vc_column][vc_empty_space height=&#8221;100px&#8221;][\/vc_column][\/vc_row][vc_row][vc_column width=&#8221;1\/4&#8243;][vc_single_image image=&#8221;1439&#8243; img_size=&#8221;medium&#8221; alignment=&#8221;center&#8221;][vc_column_text css_animation=&#8221;bottom-to-top&#8221;]COP4115 I.P.I &#8220;Introduction to Psychodrama Group Psychotherapy&#8221;[\/vc_column_text][vc_column_text css_animation=&#8221;bottom-to-top&#8221; css=&#8221;.vc_custom_1602058772312{margin-top: 0px !important;padding-top: 0px !important;}&#8221;]To learn, History of Psychodrama, the importance of warm-up and cohension in psychodrama, working stage and formats in Psychodrama, sharing stage and formats in psychodrama, basic concept of spontaneity and creativity in psychodrama, elements of psychodrama, matching,<\/p>\n","protected":false},"author":1,"featured_media":0,"parent":0,"menu_order":0,"comment_status":"closed","ping_status":"closed","template":"","meta":{"footnotes":""},"class_list":["post-2266","page","type-page","status-publish","hentry"],"_links":{"self":[{"href":"https:\/\/coop.bau.edu.tr\/en\/wp-json\/wp\/v2\/pages\/2266","targetHints":{"allow":["GET"]}}],"collection":[{"href":"https:\/\/coop.bau.edu.tr\/en\/wp-json\/wp\/v2\/pages"}],"about":[{"href":"https:\/\/coop.bau.edu.tr\/en\/wp-json\/wp\/v2\/types\/page"}],"author":[{"embeddable":true,"href":"https:\/\/coop.bau.edu.tr\/en\/wp-json\/wp\/v2\/users\/1"}],"replies":[{"embeddable":true,"href":"https:\/\/coop.bau.edu.tr\/en\/wp-json\/wp\/v2\/comments?post=2266"}],"version-history":[{"count":2,"href":"https:\/\/coop.bau.edu.tr\/en\/wp-json\/wp\/v2\/pages\/2266\/revisions"}],"predecessor-version":[{"id":2268,"href":"https:\/\/coop.bau.edu.tr\/en\/wp-json\/wp\/v2\/pages\/2266\/revisions\/2268"}],"wp:attachment":[{"href":"https:\/\/coop.bau.edu.tr\/en\/wp-json\/wp\/v2\/media?parent=2266"}],"curies":[{"name":"wp","href":"https:\/\/api.w.org\/{rel}","templated":true}]}}