{"id":1382,"date":"2017-05-22T11:15:34","date_gmt":"2017-05-22T08:15:34","guid":{"rendered":"http:\/\/coop.bau.edu.tr\/?page_id=1382\/"},"modified":"2023-04-28T12:52:10","modified_gmt":"2023-04-28T09:52:10","slug":"career-counseling","status":"publish","type":"page","link":"https:\/\/coop.bau.edu.tr\/en\/career-counseling\/","title":{"rendered":"CAREER COUNSELING"},"content":{"rendered":"<div class=\"wpb-content-wrapper\"><p>[vc_row][vc_column][vc_separator][\/vc_column][\/vc_row][vc_row][vc_column width=&#8221;2\/3&#8243;][vc_column_text]<\/p>\n<p style=\"text-align: center;\"><strong>CAREER COUNSELING<\/strong><\/p>\n<p><strong>\u201cEXPLORE YOURSELF, MANAGE YOUR CAREER,,<\/strong><\/p>\n<p>We have to make various decisions and take action regarding our career in different periods of our lives. University life is a process where important decisions are made about the future and career. In addition to the long-term internships, the CO-OP Education Model provides some services for our students to pursue meaningful and happy career paths during university education such as seminars, conferences, workshops, mock interviews, and career counseling.<\/p>\n<p>CO-OP &amp; Career Development Center can support you to<\/p>\n<p>\u00d8 Define what kind of values, skills and interests you have,<\/p>\n<p>\u00d8 Find or create career alternatives and,<\/p>\n<p>\u00d8 Make career decisions combined with your interests.<\/p>\n<p>How can career psychological counselor help you?<\/p>\n<p>Resume related<\/p>\n<p>\u00a7 Can support in the process of creating a CV and cover letter.<\/p>\n<p>\u00a7 Can check your CV and cover letter before sending them to companies.<\/p>\n<p>Career management related<\/p>\n<p>\u00a7 Can assist in the process of discovering your values, skills, and interests.<\/p>\n<p>\u00a7 Can support to improve your career development skills.<\/p>\n<p>\u00a7 Can discuss about your career conflicts.<\/p>\n<p>\u00a7 Can assist in developing decision-making skills.<\/p>\n<p>\u00a7 Can talk about how you can organize university life to achieve better career options.<\/p>\n<p>If you want to visit your career counselor but you are not sure about exactly what topics to work on with the career counselor, you can check the detailed list below.<\/p>\n<p>If you are a freshman<\/p>\n<p>\u00a7 Getting to know yourself<\/p>\n<p>\u00a7 Understanding the relationship between university life and career<\/p>\n<p>\u00a7 Setting initial career goals<\/p>\n<p>If you are a 2nd and 3rd year student<\/p>\n<p>\u00a7 Discovering your values, skills, interests and other personal characteristics<\/p>\n<p>\u00a7 Preparing your CV and cover letter<\/p>\n<p>\u00a7 Creating your career goals<\/p>\n<p>\u00a7 Discovering your strong and potential areas<\/p>\n<p>\u00a7 Creating a road map for the skills you want to improve<\/p>\n<p>If you are 4th graders and Master students<\/p>\n<p>\u00a7 Being ready for job interviews<\/p>\n<p>\u00a7 To learn about the skills that will make you different in the business world<\/p>\n<p>\u00a7 To plan your career to achieve your goals<\/p>\n<p><strong>YOU CAN GET AN APPOINTMENT FROM THE CAREER COUNSELOR.<\/strong><\/p>\n<p>Counseling sessions are planned to last 50 minutes and are given at the CO-OP &amp; Career Development Center between 9:00 and 17:00 on weekdays. If you have questions that you need to be answered quickly, you can visit our office and have a 15-20 minute walk-in meeting with your career counselor.<\/p>\n<p>Please ask that you cancel your appointment no later than 24 hours before your appointment.<\/p>\n<p>You can make an appointment at <a href=\"neyzen.aydinyanik@bau.edu.tr\">neyzen.aydinyanik@bau.edu.tr<\/a> and follow the CO-OP mail announcements for the planned meetings in different campuses.<\/p>\n<p>*Career Counseling is a service provided by psychological counselor to only Bah\u00e7e\u015fehir University students.<\/p>\n<p><strong>EVENTS<\/strong><\/p>\n<p>Workshops and Trainings<\/p>\n<p>\u2022 Creating and Managing Individual Brands: Being an individual brand and marketing itself in business.<\/p>\n<p>\u2022 Learning, Motivation and Career: Examining the relationship between learning &#8211; motivation and career.<\/p>\n<p>\u2022 Our emotions have a message for us: Gaining awareness of emotions and association with career.<\/p>\n<p>\u2022 Skill Development Program: Applied training program on problem solving, decision-making, endurance, teamwork, creativity and agility skills.<\/p>\n<p>\u2022 Discover yourself: A workshop focus on discovering your values, skills, interests and goals.<\/p>\n<p>\u2022 Career Management Skills Group Counseling: 4-week group counseling for students to have the ability to manage their career effectively.<\/p>\n<p>The planned events will be announced when the exact dates are determined.<\/p>\n<p><em>You can contact us at <a href=\"mailto:coop@coop.edu.tr\">coop@coop.edu.tr<\/a> for your questions.<\/em><\/p>\n<p>In addition to the long-term internships, in the CO-OP Education Model, seminars, conferences, and workshops are organized with the support of the partner companies for personal development and career development of the students.<\/p>\n<p>The subjects, duration and the content of the career support activity to be arranged is designated with the coordination of the relevant faculty\/department, Dean&#8217;s Office and students clubs according to the current issues and students&#8217; demands and needs. These events can be organized in a variety of genres and content, from a one-session conference event to a practice mainly workshop, from a Business Point organization in the CO-OP, to a 3-4 week CO-OP Seminar Series. The career support activities can be arranged in the university, as well as out of the university. Either a part of it can be in the company building or the whole can be outside like a field trip.<\/p>\n<p><img loading=\"lazy\" decoding=\"async\" class=\"alignnone wp-image-2801\" src=\"https:\/\/coop.bau.edu.tr\/wp-content\/uploads\/2023\/04\/Kariyer-danismanligi-sayfasina-3-1-225x300.jpg\" alt=\"\" width=\"304\" height=\"406\" srcset=\"https:\/\/coop.bau.edu.tr\/wp-content\/uploads\/2023\/04\/Kariyer-danismanligi-sayfasina-3-1-225x300.jpg 225w, https:\/\/coop.bau.edu.tr\/wp-content\/uploads\/2023\/04\/Kariyer-danismanligi-sayfasina-3-1-768x1024.jpg 768w, https:\/\/coop.bau.edu.tr\/wp-content\/uploads\/2023\/04\/Kariyer-danismanligi-sayfasina-3-1-1152x1536.jpg 1152w, https:\/\/coop.bau.edu.tr\/wp-content\/uploads\/2023\/04\/Kariyer-danismanligi-sayfasina-3-1-1536x2048.jpg 1536w, https:\/\/coop.bau.edu.tr\/wp-content\/uploads\/2023\/04\/Kariyer-danismanligi-sayfasina-3-1-scaled.jpg 1920w\" sizes=\"auto, (max-width: 304px) 100vw, 304px\" \/>\u00a0 \u00a0<img loading=\"lazy\" decoding=\"async\" class=\"alignnone wp-image-2803\" src=\"https:\/\/coop.bau.edu.tr\/wp-content\/uploads\/2023\/04\/Kariyer-danismanligi-sayfasina-4-1-768x1024.jpg\" alt=\"\" width=\"305\" height=\"406\" srcset=\"https:\/\/coop.bau.edu.tr\/wp-content\/uploads\/2023\/04\/Kariyer-danismanligi-sayfasina-4-1-768x1024.jpg 768w, https:\/\/coop.bau.edu.tr\/wp-content\/uploads\/2023\/04\/Kariyer-danismanligi-sayfasina-4-1-225x300.jpg 225w, https:\/\/coop.bau.edu.tr\/wp-content\/uploads\/2023\/04\/Kariyer-danismanligi-sayfasina-4-1-1152x1536.jpg 1152w, https:\/\/coop.bau.edu.tr\/wp-content\/uploads\/2023\/04\/Kariyer-danismanligi-sayfasina-4-1-1536x2048.jpg 1536w, https:\/\/coop.bau.edu.tr\/wp-content\/uploads\/2023\/04\/Kariyer-danismanligi-sayfasina-4-1-scaled.jpg 1920w\" sizes=\"auto, (max-width: 305px) 100vw, 305px\" \/><\/p>\n<p><img loading=\"lazy\" decoding=\"async\" class=\"alignnone wp-image-2807\" src=\"https:\/\/coop.bau.edu.tr\/wp-content\/uploads\/2023\/04\/kariyer-danismanligi-sayfasina-1.jpg\" alt=\"\" width=\"329\" height=\"439\" srcset=\"https:\/\/coop.bau.edu.tr\/wp-content\/uploads\/2023\/04\/kariyer-danismanligi-sayfasina-1.jpg 240w, https:\/\/coop.bau.edu.tr\/wp-content\/uploads\/2023\/04\/kariyer-danismanligi-sayfasina-1-225x300.jpg 225w\" sizes=\"auto, (max-width: 329px) 100vw, 329px\" \/><img loading=\"lazy\" decoding=\"async\" class=\"alignnone wp-image-2809\" src=\"https:\/\/coop.bau.edu.tr\/wp-content\/uploads\/2023\/04\/kariyer-danismanligi-sayfasina2-1.jpg\" alt=\"\" width=\"346\" height=\"436\" srcset=\"https:\/\/coop.bau.edu.tr\/wp-content\/uploads\/2023\/04\/kariyer-danismanligi-sayfasina2-1.jpg 297w, https:\/\/coop.bau.edu.tr\/wp-content\/uploads\/2023\/04\/kariyer-danismanligi-sayfasina2-1-238x300.jpg 238w\" sizes=\"auto, (max-width: 346px) 100vw, 346px\" \/>[\/vc_column_text][\/vc_column][vc_column width=&#8221;1\/3&#8243;][vc_separator][vc_column_text]<\/p>\n<h4 style=\"background-color: #c31230; text-align: center; color: #fff; border-radius: 0px; padding: 30px 20px 30px 20px; margin: 0px 0px 20px 0px;\"><a style=\"color: #fff;\" href=\"\/wp-content\/uploads\/2020\/09\/Book-1-Manage-your-career.pdf\">&#8220;Manage Your Career&#8221; Book<\/a><\/h4>\n<p>[\/vc_column_text][vc_single_image image=&#8221;2205&#8243; img_size=&#8221;large&#8221; onclick=&#8221;custom_link&#8221; link=&#8221;\/wp-content\/uploads\/2020\/09\/Book-1-Manage-your-career.pdf&#8221;][vc_column_text]<\/p>\n<h4 style=\"background-color: #c31230; text-align: center; color: #fff; border-radius: 0px; padding: 30px 20px 30px 20px; margin: 0px 0px 20px 0px;\"><a style=\"color: #fff;\" href=\"\/wp-content\/uploads\/2020\/09\/I\u0307s\u0327-Du\u0308nyas\u0131na-Haz\u0131rl\u0131k.pdf\">&#8220;Get Ready for Business World&#8221; Book<\/a><\/h4>\n<p>[\/vc_column_text][vc_single_image image=&#8221;2207&#8243; img_size=&#8221;large&#8221; onclick=&#8221;custom_link&#8221; link=&#8221;\/wp-content\/uploads\/2020\/09\/I\u0307s\u0327-Du\u0308nyas\u0131na-Haz\u0131rl\u0131k.pdf&#8221;][\/vc_column][\/vc_row]<\/p>\n<\/div>","protected":false},"excerpt":{"rendered":"<p>[vc_row][vc_column][vc_separator][\/vc_column][\/vc_row][vc_row][vc_column width=&#8221;2\/3&#8243;][vc_column_text] CAREER COUNSELING \u201cEXPLORE YOURSELF, MANAGE YOUR CAREER,, We have to make various decisions and take action regarding our career in different periods of our lives. University life is a process where important decisions are made about the future and career. In addition to the long-term internships, the CO-OP Education Model provides some services<\/p>\n","protected":false},"author":1,"featured_media":0,"parent":0,"menu_order":0,"comment_status":"closed","ping_status":"closed","template":"","meta":{"footnotes":""},"class_list":["post-1382","page","type-page","status-publish","hentry"],"_links":{"self":[{"href":"https:\/\/coop.bau.edu.tr\/en\/wp-json\/wp\/v2\/pages\/1382","targetHints":{"allow":["GET"]}}],"collection":[{"href":"https:\/\/coop.bau.edu.tr\/en\/wp-json\/wp\/v2\/pages"}],"about":[{"href":"https:\/\/coop.bau.edu.tr\/en\/wp-json\/wp\/v2\/types\/page"}],"author":[{"embeddable":true,"href":"https:\/\/coop.bau.edu.tr\/en\/wp-json\/wp\/v2\/users\/1"}],"replies":[{"embeddable":true,"href":"https:\/\/coop.bau.edu.tr\/en\/wp-json\/wp\/v2\/comments?post=1382"}],"version-history":[{"count":13,"href":"https:\/\/coop.bau.edu.tr\/en\/wp-json\/wp\/v2\/pages\/1382\/revisions"}],"predecessor-version":[{"id":2852,"href":"https:\/\/coop.bau.edu.tr\/en\/wp-json\/wp\/v2\/pages\/1382\/revisions\/2852"}],"wp:attachment":[{"href":"https:\/\/coop.bau.edu.tr\/en\/wp-json\/wp\/v2\/media?parent=1382"}],"curies":[{"name":"wp","href":"https:\/\/api.w.org\/{rel}","templated":true}]}}