{"id":1378,"date":"2017-05-22T11:08:09","date_gmt":"2017-05-22T08:08:09","guid":{"rendered":"http:\/\/coop.bau.edu.tr\/?page_id=1378\/"},"modified":"2026-01-21T16:23:05","modified_gmt":"2026-01-21T13:23:05","slug":"home-2","status":"publish","type":"page","link":"https:\/\/coop.bau.edu.tr\/en\/","title":{"rendered":"Home"},"content":{"rendered":"<div class=\"wpb-content-wrapper\"><p>[vc_row full_width=&#8221;stretch_row&#8221; css=&#8221;.vc_custom_1486717678758{margin-top: 0px !important;margin-bottom: 30px !important;border-bottom-width: 0px !important;padding-top: 50px !important;padding-bottom: 50px !important;background-color: #b42b36 !important;}&#8221;][vc_column css=&#8221;.vc_custom_1469732609571{padding-top: 0px !important;padding-bottom: 0px !important;}&#8221;]\n\t\t\t<!-- START Homepage EN REVOLUTION SLIDER 6.7.41 --><p class=\"rs-p-wp-fix\"><\/p>\n\t\t\t<rs-module-wrap id=\"rev_slider_3_1_wrapper\" data-source=\"gallery\" style=\"visibility:hidden;background:#b42b36;padding:0;margin:0px auto;margin-top:0;margin-bottom:0;\">\n\t\t\t\t<rs-module id=\"rev_slider_3_1\" style=\"\" data-version=\"6.7.41\">\n\t\t\t\t\t<rs-slides style=\"overflow: hidden; position: absolute;\">\n\t\t\t\t\t\t<rs-slide style=\"position: absolute;\" data-key=\"rs-46\" data-title=\"Slide\" data-thumb=\"\/\/coop.bau.edu.tr\/wp-content\/uploads\/2026\/01\/WACE-scaled-100x50.jpg\" data-anim=\"adpr:false;ms:600;\" data-in=\"o:0;\" data-out=\"a:false;\">\n\t\t\t\t\t\t\t<img decoding=\"async\" src=\"\/\/coop.bau.edu.tr\/wp-content\/plugins\/revslider\/sr6\/assets\/assets\/dummy.png\" alt=\"\" title=\"WACE\" width=\"2560\" height=\"1440\" class=\"rev-slidebg tp-rs-img rs-lazyload\" data-lazyload=\"\/\/coop.bau.edu.tr\/wp-content\/uploads\/2026\/01\/WACE-scaled.jpg\" data-parallax=\"15\" data-no-retina>\n<!--\n\t\t\t\t\t\t\t--><a\n\t\t\t\t\t\t\t\tid=\"slider-3-slide-46-layer-1\" \n\t\t\t\t\t\t\t\tclass=\"rs-layer HomeSlide01-Title\"\n\t\t\t\t\t\t\t\thref=\"https:\/\/careercamp.bau.edu.tr\" target=\"_self\" rel=\"nofollow\"\n\t\t\t\t\t\t\t\tdata-type=\"text\"\n\t\t\t\t\t\t\t\tdata-color=\"rgba(247,247,247,1)\"\n\t\t\t\t\t\t\t\tdata-rsp_ch=\"on\"\n\t\t\t\t\t\t\t\tdata-xy=\"xo:93px,99px,99px,107px;yo:72px,356px,224px,217px;\"\n\t\t\t\t\t\t\t\tdata-text=\"s:60;l:60;fw:700;\"\n\t\t\t\t\t\t\t\tdata-dim=\"w:1725px,auto,auto,auto;\"\n\t\t\t\t\t\t\t\tdata-frame_0=\"y:-50px;\"\n\t\t\t\t\t\t\t\tdata-frame_1=\"e:power2.inOut;st:500;sp:600;\"\n\t\t\t\t\t\t\t\tdata-frame_999=\"st:w;auto:true;\"\n\t\t\t\t\t\t\t\tstyle=\"z-index:5;font-family:'Open Sans';text-shadow:0 1px 1px rgba(0,0,0,0.4);\"\n\t\t\t\t\t\t\t>WACE 2025 WORLD CO-OP CONFERENCE \n\t\t\t\t\t\t\t<\/a><!--\n\n\t\t\t\t\t\t\t--><rs-layer\n\t\t\t\t\t\t\t\tid=\"slider-3-slide-46-layer-9\" \n\t\t\t\t\t\t\t\tdata-type=\"text\"\n\t\t\t\t\t\t\t\tdata-rsp_ch=\"on\"\n\t\t\t\t\t\t\t\tdata-xy=\"xo:96px,79px,60px,37px;yo:155px,128px,97px,59px;\"\n\t\t\t\t\t\t\t\tdata-text=\"w:normal;s:20,16,12,7;l:25,20,15,9;\"\n\t\t\t\t\t\t\t\tdata-frame_999=\"o:0;st:w;\"\n\t\t\t\t\t\t\t\tstyle=\"z-index:7;font-family:'Roboto';\"\n\t\t\t\t\t\t\t>We hosted over 300 participants from 25 different countries at our university. \n\t\t\t\t\t\t\t<\/rs-layer><!--\n-->\t\t\t\t\t<\/rs-slide>\n\t\t\t\t\t\t<rs-slide style=\"position: absolute;\" data-key=\"rs-57\" data-title=\"Slide\" data-thumb=\"\/\/coop.bau.edu.tr\/wp-content\/uploads\/2026\/01\/BUSINESS-CAMP-2025-scaled-100x50.jpg\" data-anim=\"adpr:false;ms:600;\" data-in=\"o:0;\" data-out=\"a:false;\">\n\t\t\t\t\t\t\t<img decoding=\"async\" src=\"\/\/coop.bau.edu.tr\/wp-content\/plugins\/revslider\/sr6\/assets\/assets\/dummy.png\" alt=\"\" title=\"BUSINESS CAMP 2025\" width=\"2560\" height=\"1440\" class=\"rev-slidebg tp-rs-img rs-lazyload\" data-lazyload=\"\/\/coop.bau.edu.tr\/wp-content\/uploads\/2026\/01\/BUSINESS-CAMP-2025-scaled.jpg\" data-parallax=\"15\" data-no-retina>\n<!--\n\t\t\t\t\t\t\t--><a\n\t\t\t\t\t\t\t\tid=\"slider-3-slide-57-layer-1\" \n\t\t\t\t\t\t\t\tclass=\"rs-layer HomeSlide01-Title\"\n\t\t\t\t\t\t\t\thref=\"https:\/\/coop.bau.edu.tr\/en\/great-opportunity-for-bahcesehi\u0307r-university-students-for-transition-to-business-life\/\" target=\"_self\" rel=\"nofollow\"\n\t\t\t\t\t\t\t\tdata-type=\"button\"\n\t\t\t\t\t\t\t\tdata-color=\"rgba(247,247,247,1)\"\n\t\t\t\t\t\t\t\tdata-rsp_ch=\"on\"\n\t\t\t\t\t\t\t\tdata-xy=\"xo:35px,99px,99px,107px;yo:411px,356px,224px,217px;\"\n\t\t\t\t\t\t\t\tdata-text=\"s:60;l:60;fw:700;\"\n\t\t\t\t\t\t\t\tdata-dim=\"w:797.972px,auto,auto,auto;\"\n\t\t\t\t\t\t\t\tdata-frame_0=\"y:-50px;\"\n\t\t\t\t\t\t\t\tdata-frame_1=\"e:power2.inOut;st:500;sp:600;\"\n\t\t\t\t\t\t\t\tdata-frame_999=\"st:8900;auto:true;\"\n\t\t\t\t\t\t\t\tstyle=\"z-index:5;font-family:'Open Sans';text-shadow:0 1px 1px rgba(0,0,0,0.4);\"\n\t\t\t\t\t\t\t>Business Camp <br>\n2025 \n\t\t\t\t\t\t\t<\/a><!--\n-->\t\t\t\t\t<\/rs-slide>\n\t\t\t\t\t\t<rs-slide style=\"position: absolute;\" data-key=\"rs-18\" data-title=\"Slide\" data-thumb=\"\/\/coop.bau.edu.tr\/wp-content\/uploads\/2024\/09\/YAPAY-ZEKA-MULAKAT-100x50.jpg\" data-anim=\"ms:600;\" data-in=\"o:0;\" data-out=\"a:false;\">\n\t\t\t\t\t\t\t<img decoding=\"async\" src=\"\/\/coop.bau.edu.tr\/wp-content\/plugins\/revslider\/sr6\/assets\/assets\/dummy.png\" alt=\"\" title=\"YAPAY ZEKA MU\u0308LAKAT\" width=\"1223\" height=\"800\" class=\"rev-slidebg tp-rs-img rs-lazyload\" data-lazyload=\"\/\/coop.bau.edu.tr\/wp-content\/uploads\/2024\/09\/YAPAY-ZEKA-MULAKAT.jpg\" data-parallax=\"15\" data-no-retina>\n<!--\n\t\t\t\t\t\t\t--><a\n\t\t\t\t\t\t\t\tid=\"slider-3-slide-18-layer-12\" \n\t\t\t\t\t\t\t\tclass=\"rs-layer HomeSlide01-Title\"\n\t\t\t\t\t\t\t\thref=\"https:\/\/coop.bau.edu.tr\/en\/great-opportunity-for-bahcesehi\u0307r-university-students-for-transition-to-business-life\/\" target=\"_self\" rel=\"nofollow\"\n\t\t\t\t\t\t\t\tdata-type=\"button\"\n\t\t\t\t\t\t\t\tdata-color=\"rgba(247,247,247,1)\"\n\t\t\t\t\t\t\t\tdata-rsp_ch=\"on\"\n\t\t\t\t\t\t\t\tdata-xy=\"xo:96px,99px,99px,107px;yo:381px,356px,224px,217px;\"\n\t\t\t\t\t\t\t\tdata-text=\"s:60;l:60;fw:700;\"\n\t\t\t\t\t\t\t\tdata-frame_0=\"y:-50px;\"\n\t\t\t\t\t\t\t\tdata-frame_1=\"e:power2.inOut;st:500;sp:600;\"\n\t\t\t\t\t\t\t\tdata-frame_999=\"st:8900;auto:true;\"\n\t\t\t\t\t\t\t\tstyle=\"z-index:5;font-family:'Open Sans';text-shadow:0 1px 1px rgba(0,0,0,0.4);\"\n\t\t\t\t\t\t\t>Artificial Intelligence <br>Interview \n\t\t\t\t\t\t\t<\/a><!--\n-->\t\t\t\t\t<\/rs-slide>\n\t\t\t\t\t\t<rs-slide style=\"position: absolute;\" data-key=\"rs-20\" data-title=\"Slide\" data-thumb=\"\/\/coop.bau.edu.tr\/wp-content\/uploads\/2026\/02\/learn-from-leaders-100x50.png\" data-anim=\"adpr:false;\" data-in=\"o:0;\" data-out=\"a:false;\">\n\t\t\t\t\t\t\t<img decoding=\"async\" src=\"\/\/coop.bau.edu.tr\/wp-content\/plugins\/revslider\/sr6\/assets\/assets\/dummy.png\" alt=\"\" title=\"learn-from-leaders\" width=\"1600\" height=\"745\" class=\"rev-slidebg tp-rs-img rs-lazyload\" data-lazyload=\"\/\/coop.bau.edu.tr\/wp-content\/uploads\/2026\/02\/learn-from-leaders.png\" data-bg=\"p:right center;\" data-parallax=\"15\" data-no-retina>\n<!---->\t\t\t\t\t<\/rs-slide>\n\t\t\t\t\t\t<rs-slide style=\"position: absolute;\" data-key=\"rs-21\" data-title=\"Slide\" data-thumb=\"\/\/coop.bau.edu.tr\/wp-content\/uploads\/2022\/03\/coopers-100x50.png\" data-anim=\"ms:600;r:0;\" data-in=\"o:0;\" data-out=\"a:false;\">\n\t\t\t\t\t\t\t<img decoding=\"async\" src=\"\/\/coop.bau.edu.tr\/wp-content\/plugins\/revslider\/sr6\/assets\/assets\/dummy.png\" alt=\"\" title=\"coopers\" width=\"1400\" height=\"520\" class=\"rev-slidebg tp-rs-img rs-lazyload\" data-lazyload=\"\/\/coop.bau.edu.tr\/wp-content\/uploads\/2022\/03\/coopers.png\" data-parallax=\"15\" data-no-retina>\n<!--\n\t\t\t\t\t\t\t--><rs-layer\n\t\t\t\t\t\t\t\tid=\"slider-3-slide-21-layer-5\" \n\t\t\t\t\t\t\t\tdata-type=\"text\"\n\t\t\t\t\t\t\t\tdata-color=\"rgba(255,255,255,1)\"\n\t\t\t\t\t\t\t\tdata-rsp_ch=\"on\"\n\t\t\t\t\t\t\t\tdata-xy=\"xo:82px,82px,116px,119px;yo:333px,333px,226px,238px;\"\n\t\t\t\t\t\t\t\tdata-text=\"s:35,35,35,18;l:35,35,35,18;fw:700;\"\n\t\t\t\t\t\t\t\tdata-frame_1=\"e:power2.inOut;st:1000;\"\n\t\t\t\t\t\t\t\tdata-frame_999=\"o:0;e:nothing;st:w;\"\n\t\t\t\t\t\t\t\tstyle=\"z-index:5;font-family:'Roboto';\"\n\t\t\t\t\t\t\t>OUR COOPERS \n\t\t\t\t\t\t\t<\/rs-layer><!--\n-->\t\t\t\t\t<\/rs-slide>\n\t\t\t\t\t\t<rs-slide style=\"position: absolute;\" data-key=\"rs-58\" data-title=\"Slide\" data-thumb=\"\/\/coop.bau.edu.tr\/wp-content\/uploads\/2023\/05\/joint-programm-100x50.png\" data-anim=\"adpr:false;\" data-in=\"o:0;\" data-out=\"a:false;\">\n\t\t\t\t\t\t\t<img decoding=\"async\" src=\"\/\/coop.bau.edu.tr\/wp-content\/plugins\/revslider\/sr6\/assets\/assets\/dummy.png\" alt=\"\" title=\"joint programm\" width=\"1800\" height=\"1000\" class=\"rev-slidebg tp-rs-img rs-lazyload\" data-lazyload=\"\/\/coop.bau.edu.tr\/wp-content\/uploads\/2023\/05\/joint-programm.png\" data-parallax=\"15\" data-no-retina>\n<!--\n\t\t\t\t\t\t\t--><rs-layer\n\t\t\t\t\t\t\t\tid=\"slider-3-slide-58-layer-2\" \n\t\t\t\t\t\t\t\tdata-type=\"text\"\n\t\t\t\t\t\t\t\tdata-color=\"rgba(255,255,255,1)\"\n\t\t\t\t\t\t\t\tdata-rsp_ch=\"on\"\n\t\t\t\t\t\t\t\tdata-xy=\"xo:-150px,-150px,92px,41px;yo:343px,343px,343px,295px;\"\n\t\t\t\t\t\t\t\tdata-text=\"w:normal;s:40;l:22;\"\n\t\t\t\t\t\t\t\tdata-dim=\"w:424px,424px,355px,355px;h:119px;\"\n\t\t\t\t\t\t\t\tdata-frame_1=\"e:power2.inOut;st:500;\"\n\t\t\t\t\t\t\t\tdata-frame_999=\"o:0;e:nothing;st:w;\"\n\t\t\t\t\t\t\t\tstyle=\"z-index:5;font-family:'Roboto';\"\n\t\t\t\t\t\t\t>CO OP Joint Program \n\t\t\t\t\t\t\t<\/rs-layer><!--\n-->\t\t\t\t\t<\/rs-slide>\n\t\t\t\t\t\t<rs-slide style=\"position: absolute;\" data-key=\"rs-19\" data-title=\"Slide\" data-thumb=\"\/\/coop.bau.edu.tr\/wp-content\/uploads\/2019\/01\/doga-hse-100x50.jpg\" data-anim=\"adpr:false;\">\n\t\t\t\t\t\t\t<img decoding=\"async\" src=\"\/\/coop.bau.edu.tr\/wp-content\/plugins\/revslider\/sr6\/assets\/assets\/dummy.png\" alt=\"\" title=\"Home\" class=\"rev-slidebg tp-rs-img rs-lazyload\" data-lazyload=\"\/\/coop.bau.edu.tr\/wp-content\/uploads\/2019\/01\/doga-hse.jpg\" data-parallax=\"15\" data-no-retina>\n<!--\n\t\t\t\t\t\t\t--><rs-layer\n\t\t\t\t\t\t\t\tid=\"slider-3-slide-19-layer-2\" \n\t\t\t\t\t\t\t\tdata-type=\"text\"\n\t\t\t\t\t\t\t\tdata-color=\"rgba(255,255,255,1)\"\n\t\t\t\t\t\t\t\tdata-rsp_ch=\"on\"\n\t\t\t\t\t\t\t\tdata-xy=\"xo:106px,106px,92px,41px;yo:310px,310px,343px,295px;\"\n\t\t\t\t\t\t\t\tdata-text=\"w:normal;s:40;l:22;\"\n\t\t\t\t\t\t\t\tdata-dim=\"w:355px;h:119px;\"\n\t\t\t\t\t\t\t\tdata-frame_0=\"tp:600;\"\n\t\t\t\t\t\t\t\tdata-frame_1=\"tp:600;e:power2.inOut;st:500;\"\n\t\t\t\t\t\t\t\tdata-frame_999=\"o:0;tp:600;e:nothing;st:w;\"\n\t\t\t\t\t\t\t\tstyle=\"z-index:5;font-family:'';\"\n\t\t\t\t\t\t\t>Business Point \n\t\t\t\t\t\t\t<\/rs-layer><!--\n-->\t\t\t\t\t<\/rs-slide>\n\t\t\t\t\t\t<rs-slide style=\"position: absolute;\" data-key=\"rs-23\" data-title=\"Slide\" data-thumb=\"\/\/coop.bau.edu.tr\/wp-content\/uploads\/2019\/01\/iste-proje-coop-100x50.jpg\" data-anim=\"adpr:false;ms:600;\" data-in=\"o:0;\" data-out=\"a:false;\">\n\t\t\t\t\t\t\t<img decoding=\"async\" src=\"\/\/coop.bau.edu.tr\/wp-content\/plugins\/revslider\/sr6\/assets\/assets\/dummy.png\" alt=\"\" title=\"Home\" class=\"rev-slidebg tp-rs-img rs-lazyload\" data-lazyload=\"\/\/coop.bau.edu.tr\/wp-content\/uploads\/2019\/01\/iste-proje-coop.jpg\" data-parallax=\"15\" data-no-retina>\n<!--\n\t\t\t\t\t\t\t--><rs-layer\n\t\t\t\t\t\t\t\tid=\"slider-3-slide-23-layer-11\" \n\t\t\t\t\t\t\t\tdata-type=\"text\"\n\t\t\t\t\t\t\t\tdata-color=\"#fff\"\n\t\t\t\t\t\t\t\tdata-rsp_ch=\"on\"\n\t\t\t\t\t\t\t\tdata-xy=\"xo:5px,4px,3px,1px;yo:293px,241px,183px,112px;\"\n\t\t\t\t\t\t\t\tdata-text=\"w:normal;s:36,29,22,13;l:40,33,25,15;ls:1,0,0,0;fw:500;\"\n\t\t\t\t\t\t\t\tdata-dim=\"w:820px,677px,514px,317px;minh:0px,none,none,none;\"\n\t\t\t\t\t\t\t\tdata-frame_999=\"o:0;st:w;\"\n\t\t\t\t\t\t\t\tstyle=\"z-index:5;font-family:'Roboto';\"\n\t\t\t\t\t\t\t>30.173\t\tStudent who chose branded courses <br \/>\n11.000\t\tCOOPER<br \/>\n3.000\t\tPartners<br \/>\n268\t\tBranded Courses<br \/>\n \n\t\t\t\t\t\t\t<\/rs-layer><!--\n-->\t\t\t\t\t<\/rs-slide>\n\t\t\t\t\t\t<rs-slide style=\"position: absolute;\" data-key=\"rs-50\" data-title=\"Slide\" data-thumb=\"\/\/coop.bau.edu.tr\/wp-content\/uploads\/2024\/09\/MEDIAMARKT-SAHA-GEZISI-100x50.jpg\" data-anim=\"adpr:false;ms:600;\" data-in=\"o:0;\" data-out=\"a:false;\">\n\t\t\t\t\t\t\t<img decoding=\"async\" src=\"\/\/coop.bau.edu.tr\/wp-content\/plugins\/revslider\/sr6\/assets\/assets\/dummy.png\" alt=\"\" title=\"MEDIAMARKT SAHA GEZ\u0130S\u0130\" width=\"2048\" height=\"1536\" class=\"rev-slidebg tp-rs-img rs-lazyload\" data-lazyload=\"\/\/coop.bau.edu.tr\/wp-content\/uploads\/2024\/09\/MEDIAMARKT-SAHA-GEZISI.jpg\" data-parallax=\"15\" data-no-retina>\n<!--\n\t\t\t\t\t\t\t--><rs-layer\n\t\t\t\t\t\t\t\tid=\"slider-3-slide-50-layer-11\" \n\t\t\t\t\t\t\t\tdata-type=\"text\"\n\t\t\t\t\t\t\t\tdata-color=\"#fff\"\n\t\t\t\t\t\t\t\tdata-rsp_ch=\"on\"\n\t\t\t\t\t\t\t\tdata-xy=\"xo:78px,64px,48px,29px;yo:355px,293px,222px,136px;\"\n\t\t\t\t\t\t\t\tdata-text=\"w:normal;s:36,29,22,13;l:40,33,25,15;ls:1,0,0,0;fw:500;\"\n\t\t\t\t\t\t\t\tdata-dim=\"w:820px,677px,514px,317px;minh:0px,none,none,none;\"\n\t\t\t\t\t\t\t\tdata-frame_999=\"o:0;st:w;\"\n\t\t\t\t\t\t\t\tstyle=\"z-index:5;font-family:'Roboto';\"\n\t\t\t\t\t\t\t>MediaMarkt Trip \n\t\t\t\t\t\t\t<\/rs-layer><!--\n-->\t\t\t\t\t<\/rs-slide>\n\t\t\t\t\t<\/rs-slides>\n\t\t\t\t\t<rs-static-layers><!--\n\t\t\t\t\t--><\/rs-static-layers>\n\t\t\t\t<\/rs-module>\n\t\t\t\t<script>\n\t\t\t\t\tsetREVStartSize({c: 'rev_slider_3_1',rl:[1240,1024,778,480],el:[600,600,500,400],gw:[1240,1024,778,480],gh:[600,600,500,400],type:'standard',justify:'',layout:'fullwidth',mh:\"0\"});if (window.RS_MODULES!==undefined && window.RS_MODULES.modules!==undefined && window.RS_MODULES.modules[\"revslider31\"]!==undefined) {window.RS_MODULES.modules[\"revslider31\"].once = false;window.revapi3 = undefined;if (window.RS_MODULES.checkMinimal!==undefined) window.RS_MODULES.checkMinimal()}\n\t\t\t\t<\/script>\n\t\t\t<\/rs-module-wrap>\n\t\t\t<!-- END REVOLUTION SLIDER -->\n[\/vc_column][\/vc_row][vc_row css=&#8221;.vc_custom_1469755937351{margin-top: 0px !important;border-bottom-width: 0px !important;padding-top: 70px !important;padding-bottom: 70px !important;}&#8221;][vc_column width=&#8221;2\/3&#8243; css=&#8221;.vc_custom_1483352530988{margin-top: 0px !important;margin-bottom: 0px !important;padding-top: 0px !important;padding-bottom: 0px !important;}&#8221;][codebean_headings title=&#8221;What is CO-OP?&#8221; desc_color=&#8221;#c41c30&#8243;][vc_column_text css=&#8221;.vc_custom_1646311051605{margin-top: 0px !important;margin-bottom: 0px !important;padding-top: 0px !important;padding-bottom: 0px !important;}&#8221;]<strong>BAH\u00c7E\u015eEH\u0130R UNIVERS\u0130TY CO-OP EDUCATION MODEL<\/strong><\/p>\n<p><strong>&#8220;CO-OP Education Model\u201d<\/strong> has been applied by Bah\u00e7e\u015fehir University since 2008 and aims to merge higher education with business life and fill the gaps between business world and university. The university students who do internship with CO-OP, get work experience by participating in the work life actively while they continue their university educations<\/p>\n<p>The most important advantage of the CO-OP Education Model is giving opportunity for work experience to students and getting easier transition to business world. The students who are working in the business world while they continue university education are called COOPER. COOPERs have advantages like being a part of the decision making processes in the business world, taking initiative, and being integrated to business life completely. The students who do internships with CO-OP, have the opportunity to find the proper sector and field\/department for themselves while they are still studying. Also they can show their performance and after their graduation they can be employed directly in the CO-OP company. The partner companies also have the opportunity to select their employees among the COOPERs.<\/p>\n<p>The 3rd and 4th grade students of the university who apply for CO-OP program, are placed in the partner companies for a long term internship in a changing period from 3 to 9 months and have the chance to get work experience while they are still studying. If the student and the company have a mutual agreement, these periods can be shortened and extended with the written document which is shared by the company.[\/vc_column_text][vc_gallery type=&#8221;image_grid&#8221; images=&#8221;2102,2110&#8243; img_size=&#8221;full&#8221;][vc_column_text css=&#8221;.vc_custom_1548857117285{margin-top: 0px !important;margin-bottom: 0px !important;padding-top: 0px !important;padding-bottom: 0px !important;}&#8221;]<strong>COOPER Search&amp;Selection<\/strong><\/p>\n<p>COOPER-Long-term internship selection and placement process is carried out in one-to-one communication\/correspondence with the Human Resources (HR) departments of the companies and the companies are provided an HR modeling similar to their employees&#8217; recruitment process (<em>announcement to the related faculties &#8211; get applications &#8211; CO-OP interview &#8211; send short-list to the company<\/em>). The students who apply for the internship advertisement of the CO-OP Directorate, are invited for the CO-OP interviews and they get both an evaluation and a mentoring for the preparation of the companies&#8217; interview. With the HR modeling applied in the long term internship process, the students find the opportunity to full rehearsal and simulation of the environment they will be faced following their graduation.<\/p>\n<p><strong>COOPER Evaluation and On-site Visits<\/strong><\/p>\n<p>COOPERs are visited by the CO-OP Directorate in the workplace within the period of their working times. In these visits, the workplace environment, working conditions are observed and feedbacks are taken from the students and the company about the internship process.<\/p>\n<p>At the end of the CO-OP period, a written evaluation survey is applied to the partner companies and students.[\/vc_column_text][vc_gallery type=&#8221;image_grid&#8221; images=&#8221;2118&#8243; img_size=&#8221;full&#8221;][\/vc_column][vc_column width=&#8221;1\/3&#8243; css=&#8221;.vc_custom_1469810203249{margin-top: 0px !important;margin-bottom: 0px !important;padding-top: 0px !important;padding-bottom: 0px !important;}&#8221;][vc_column_text css_animation=&#8221;top-to-bottom&#8221; css=&#8221;.vc_custom_1726495668278{margin-top: 0px !important;margin-bottom: 0px !important;padding-top: 0px !important;padding-bottom: 0px !important;}&#8221;]<\/p>\n<h4 style=\"background-color: #c31230; text-align: center; color: #fff; border-radius: 0px; padding: 30px 20px 30px 20px; margin: 0px 0px 20px 0px;\">&#8220;There are currently 3000 partner companies in CO-OP.&#8221;<\/h4>\n<p>[\/vc_column_text][vc_column_text css_animation=&#8221;top-to-bottom&#8221; css=&#8221;.vc_custom_1769001806189{margin-top: 0px !important;margin-bottom: 0px !important;padding-top: 0px !important;padding-bottom: 0px !important;}&#8221;]<\/p>\n<h4 style=\"background-color: #c31230; text-align: center; color: #fff; border-radius: 0px; padding: 30px 20px 30px 20px; margin: 0px 0px 20px 0px;\"><span style=\"color: #ffffff;\"><a style=\"color: #ffffff;\" href=\"https:\/\/coop.bau.edu.tr\/wp-content\/uploads\/2026\/01\/CO-OP-Presentation-2026.pdf\">CO-OP Presentation<\/a><\/span><\/h4>\n<p>[\/vc_column_text][vc_column_text css_animation=&#8221;top-to-bottom&#8221; css=&#8221;.vc_custom_1601033384545{margin-top: 0px !important;margin-bottom: 0px !important;padding-top: 0px !important;padding-bottom: 0px !important;}&#8221;]<\/p>\n<h4 style=\"background-color: #c31230; text-align: center; color: #fff; border-radius: 0px; padding: 30px 20px 30px 20px; margin: 0px 0px 20px 0px;\"><span style=\"color: #ffffff;\"><a style=\"color: #ffffff;\" href=\"\/wp-content\/uploads\/2020\/09\/CO-OP-Online-Internship-Survey.pdf\">CO-OP-Online Internship Survey<\/a><\/span><\/h4>\n<p>[\/vc_column_text][vc_column_text css_animation=&#8221;top-to-bottom&#8221; css=&#8221;.vc_custom_1724664429682{margin-top: 0px !important;margin-bottom: 0px !important;padding-top: 0px !important;padding-bottom: 0px !important;}&#8221;]<\/p>\n<h4 style=\"background-color: #c31230; text-align: center; color: #fff; border-radius: 0px; padding: 30px 20px 30px 20px; margin: 0px 0px 20px 0px;\"><span style=\"color: #ffffff;\"><a style=\"color: #ffffff;\" href=\"\/wp-content\/uploads\/2024\/08\/GenZ-Expectations-from-Worklife-BAU-COOP-Research.pdf\">GenZ Expectations from Worklife &#8211; BAU COOP Research<\/a><\/span><\/h4>\n<p>[\/vc_column_text][vc_video link=&#8221;https:\/\/www.youtube.com\/watch?v=53qzoVIanK4&#8243;][vc_video link=&#8221;https:\/\/youtu.be\/LPqVC_4VOQM&#8221;][vc_row_inner][vc_column_inner][vc_single_image image=&#8221;3105&#8243; img_size=&#8221;medium&#8221; alignment=&#8221;center&#8221;][\/vc_column_inner][vc_column_inner width=&#8221;1\/4&#8243;][vc_icon icon_fontawesome=&#8221;fa fa-facebook&#8221; color=&#8221;white&#8221; background_style=&#8221;rounded-less&#8221; background_color=&#8221;blue&#8221; css_animation=&#8221;bottom-to-top&#8221; link=&#8221;url:https%3A%2F%2Ftr-tr.facebook.com%2Fbahcesehir.coop||target:%20_blank|&#8221;][\/vc_column_inner][vc_column_inner width=&#8221;1\/4&#8243;][vc_icon icon_fontawesome=&#8221;fa fa-twitter&#8221; color=&#8221;white&#8221; background_style=&#8221;rounded-less&#8221; background_color=&#8221;turquoise&#8221; css_animation=&#8221;bottom-to-top&#8221; link=&#8221;url:https%3A%2F%2Ftwitter.com%2Fbaucoop||target:%20_blank|&#8221;][\/vc_column_inner][vc_column_inner width=&#8221;1\/4&#8243;][vc_icon icon_fontawesome=&#8221;fa fa-linkedin&#8221; color=&#8221;white&#8221; background_style=&#8221;rounded-less&#8221; background_color=&#8221;sky&#8221; css_animation=&#8221;bottom-to-top&#8221; link=&#8221;url:https%3A%2F%2Fwww.linkedin.com%2Fin%2Fbahcesehir-co-op-55371731||target:%20_blank|&#8221;][\/vc_column_inner][vc_column_inner width=&#8221;1\/4&#8243;][vc_icon icon_fontawesome=&#8221;fa fa-instagram&#8221; color=&#8221;white&#8221; background_style=&#8221;rounded-less&#8221; background_color=&#8221;juicy_pink&#8221; css_animation=&#8221;bottom-to-top&#8221; link=&#8221;url:https%3A%2F%2Fwww.instagram.com%2Fbaucoop%2F||target:%20_blank|&#8221;][\/vc_column_inner][\/vc_row_inner][\/vc_column][\/vc_row][vc_row css=&#8221;.vc_custom_1482328324597{border-bottom-width: 0px !important;padding-top: 70px !important;padding-bottom: 70px !important;}&#8221;][vc_column css=&#8221;.vc_custom_1470170055117{margin-top: 0px !important;margin-bottom: 0px !important;padding-top: 0px !important;padding-bottom: 0px !important;}&#8221;][codebean_headings style=&#8221;style2&#8243; align=&#8221;text-center&#8221; title=&#8221;Partners&#8221;][vc_row_inner css=&#8221;.vc_custom_1470167045418{margin-top: 0px !important;padding-top: 50px !important;padding-bottom: 0px !important;}&#8221;][vc_column_inner][vc_images_carousel images=&#8221;837,832,831,833,834,838,835,839,841&#8243; img_size=&#8221;full&#8221; slides_per_view=&#8221;6&#8243; autoplay=&#8221;yes&#8221; hide_pagination_control=&#8221;yes&#8221; hide_prev_next_buttons=&#8221;yes&#8221; wrap=&#8221;yes&#8221;][\/vc_column_inner][\/vc_row_inner][\/vc_column][\/vc_row][vc_row][vc_column][vc_empty_space height=&#8221;60px&#8221;][\/vc_column][\/vc_row]<\/p>\n<\/div>","protected":false},"excerpt":{"rendered":"<p>[vc_row full_width=&#8221;stretch_row&#8221; css=&#8221;.vc_custom_1486717678758{margin-top: 0px !important;margin-bottom: 30px !important;border-bottom-width: 0px !important;padding-top: 50px !important;padding-bottom: 50px !important;background-color: #b42b36 !important;}&#8221;][vc_column css=&#8221;.vc_custom_1469732609571{padding-top: 0px !important;padding-bottom: 0px !important;}&#8221;][\/vc_column][\/vc_row][vc_row css=&#8221;.vc_custom_1469755937351{margin-top: 0px !important;border-bottom-width: 0px !important;padding-top: 70px !important;padding-bottom: 70px !important;}&#8221;][vc_column width=&#8221;2\/3&#8243; css=&#8221;.vc_custom_1483352530988{margin-top: 0px !important;margin-bottom: 0px !important;padding-top: 0px !important;padding-bottom: 0px !important;}&#8221;][codebean_headings title=&#8221;What is CO-OP?&#8221; desc_color=&#8221;#c41c30&#8243;][vc_column_text css=&#8221;.vc_custom_1646311051605{margin-top: 0px !important;margin-bottom: 0px !important;padding-top: 0px !important;padding-bottom: 0px !important;}&#8221;]BAH\u00c7E\u015eEH\u0130R UNIVERS\u0130TY CO-OP EDUCATION<\/p>\n","protected":false},"author":1,"featured_media":0,"parent":0,"menu_order":0,"comment_status":"closed","ping_status":"closed","template":"","meta":{"footnotes":""},"class_list":["post-1378","page","type-page","status-publish","hentry"],"_links":{"self":[{"href":"https:\/\/coop.bau.edu.tr\/en\/wp-json\/wp\/v2\/pages\/1378","targetHints":{"allow":["GET"]}}],"collection":[{"href":"https:\/\/coop.bau.edu.tr\/en\/wp-json\/wp\/v2\/pages"}],"about":[{"href":"https:\/\/coop.bau.edu.tr\/en\/wp-json\/wp\/v2\/types\/page"}],"author":[{"embeddable":true,"href":"https:\/\/coop.bau.edu.tr\/en\/wp-json\/wp\/v2\/users\/1"}],"replies":[{"embeddable":true,"href":"https:\/\/coop.bau.edu.tr\/en\/wp-json\/wp\/v2\/comments?post=1378"}],"version-history":[{"count":36,"href":"https:\/\/coop.bau.edu.tr\/en\/wp-json\/wp\/v2\/pages\/1378\/revisions"}],"predecessor-version":[{"id":3347,"href":"https:\/\/coop.bau.edu.tr\/en\/wp-json\/wp\/v2\/pages\/1378\/revisions\/3347"}],"wp:attachment":[{"href":"https:\/\/coop.bau.edu.tr\/en\/wp-json\/wp\/v2\/media?parent=1378"}],"curies":[{"name":"wp","href":"https:\/\/api.w.org\/{rel}","templated":true}]}}